{"id":3136,"date":"2025-04-26T12:38:47","date_gmt":"2025-04-26T11:38:47","guid":{"rendered":"https:\/\/www.mc2020.net\/shop\/?post_type=product&#038;p=3136"},"modified":"2025-04-26T12:38:47","modified_gmt":"2025-04-26T11:38:47","slug":"zk-teco-zkt-mb360-pointeuse-et-controle-dacces-multi-biometrique-terminal-de-presence-de-temps","status":"publish","type":"product","link":"https:\/\/www.mc2020.net\/shop\/produit\/zk-teco-zkt-mb360-pointeuse-et-controle-dacces-multi-biometrique-terminal-de-presence-de-temps\/","title":{"rendered":"ZK Teco ZKT MB360 &#8211; Pointeuse et contr\u00f4le d\u2019acc\u00e8s Multi-Biom\u00e9trique Terminal de Pr\u00e9sence de Temps"},"content":{"rendered":"<div class=\"card aim -mtm\">\n<div class=\"markup -mhm -pvl -oxa -sc\">\n<h3>ZKTeco mb360 Intelligent Access contr\u00f4le Reader Noir Lecteur de contr\u00f4le d&rsquo;acc\u00e8s \u2013 lecteurs de contr\u00f4le d&rsquo;acc\u00e8s (TFT, 7,11 cm (2.8&Prime;), USB 2.0, TCP\/IP, 0 \u2013 45 \u00b0C, 20 \u2013 80%)<\/h3>\n<p>MB360 est un produit innovant dot\u00e9 des technologies avanc\u00e9es de reconnaissance d&#8217;empreintes digitales et de visages ZK. Il prend en charge plusieurs m\u00e9thodes de v\u00e9rification, y compris le visage, l&#8217;empreinte digitale, la carte, le mot de passe, les combinaisons entre eux et les fonctions de contr\u00f4le d&rsquo;acc\u00e8s de base.La v\u00e9rification de l&rsquo;utilisateur est effectu\u00e9e en moins de 1 seconde, ce qui rationalise le processus d&rsquo;acc\u00e8s.La communication entre le MB360 et le PC s&rsquo;effectue par TCP \/ IP ou via l&rsquo;interface USB pour le transfert manuel des donn\u00e9es. Son design \u00e9l\u00e9gant s&rsquo;int\u00e8gre parfaitement dans n&rsquo;importe quel environnement.<\/p>\n<\/div>\n<\/div>\n<section class=\"card aim -mtm -fs16\">\n<div id=\"specifications\" class=\"hook\"><\/div>\n<header class=\"-pvs -bb\"><\/header>\n<\/section>\n","protected":false},"excerpt":{"rendered":"<p>ZKTeco mb360 Intelligent Access contr\u00f4le Reader Noir Lecteur de contr\u00f4le d&rsquo;acc\u00e8s \u2013 lecteurs de contr\u00f4le d&rsquo;acc\u00e8s (TFT, 7,11 cm (2.8&Prime;), USB 2.0, TCP\/IP, 0 \u2013 45 \u00b0C, 20 \u2013 80%) MB360 est un produit innovant dot\u00e9 des technologies avanc\u00e9es de reconnaissance d&#8217;empreintes digitales et de visages ZK. Il prend en charge plusieurs m\u00e9thodes de v\u00e9rification, [&hellip;]<\/p>\n","protected":false},"featured_media":3145,"comment_status":"open","ping_status":"closed","template":"","meta":{"_uag_custom_page_level_css":"","site-sidebar-layout":"default","site-content-layout":"","ast-site-content-layout":"default","site-content-style":"default","site-sidebar-style":"default","ast-global-header-display":"","ast-banner-title-visibility":"","ast-main-header-display":"","ast-hfb-above-header-display":"","ast-hfb-below-header-display":"","ast-hfb-mobile-header-display":"","site-post-title":"","ast-breadcrumbs-content":"","ast-featured-img":"","footer-sml-layout":"","ast-disable-related-posts":"","theme-transparent-header-meta":"default","adv-header-id-meta":"","stick-header-meta":"","header-above-stick-meta":"","header-main-stick-meta":"","header-below-stick-meta":"","astra-migrate-meta-layouts":"set","ast-page-background-enabled":"default","ast-page-background-meta":{"desktop":{"background-color":"var(--ast-global-color-4)","background-image":"","background-repeat":"repeat","background-position":"center center","background-size":"auto","background-attachment":"scroll","background-type":"","background-media":"","overlay-type":"","overlay-color":"","overlay-opacity":"","overlay-gradient":""},"tablet":{"background-color":"","background-image":"","background-repeat":"repeat","background-position":"center center","background-size":"auto","background-attachment":"scroll","background-type":"","background-media":"","overlay-type":"","overlay-color":"","overlay-opacity":"","overlay-gradient":""},"mobile":{"background-color":"","background-image":"","background-repeat":"repeat","background-position":"center center","background-size":"auto","background-attachment":"scroll","background-type":"","background-media":"","overlay-type":"","overlay-color":"","overlay-opacity":"","overlay-gradient":""}},"ast-content-background-meta":{"desktop":{"background-color":"var(--ast-global-color-5)","background-image":"","background-repeat":"repeat","background-position":"center center","background-size":"auto","background-attachment":"scroll","background-type":"","background-media":"","overlay-type":"","overlay-color":"","overlay-opacity":"","overlay-gradient":""},"tablet":{"background-color":"var(--ast-global-color-5)","background-image":"","background-repeat":"repeat","background-position":"center center","background-size":"auto","background-attachment":"scroll","background-type":"","background-media":"","overlay-type":"","overlay-color":"","overlay-opacity":"","overlay-gradient":""},"mobile":{"background-color":"var(--ast-global-color-5)","background-image":"","background-repeat":"repeat","background-position":"center center","background-size":"auto","background-attachment":"scroll","background-type":"","background-media":"","overlay-type":"","overlay-color":"","overlay-opacity":"","overlay-gradient":""}}},"product_brand":[],"product_cat":[24],"product_tag":[],"class_list":{"0":"post-3136","1":"product","2":"type-product","3":"status-publish","4":"has-post-thumbnail","6":"product_cat-surveillance-cam","7":"desktop-align-left","8":"tablet-align-left","9":"mobile-align-left","11":"first","12":"instock","13":"taxable","14":"shipping-taxable","15":"purchasable","16":"product-type-simple"},"aioseo_notices":[],"uagb_featured_image_src":{"full":["https:\/\/www.mc2020.net\/shop\/wp-content\/uploads\/2025\/04\/2pointeuse-ZKTeco.jpg",680,680,false],"thumbnail":["https:\/\/www.mc2020.net\/shop\/wp-content\/uploads\/2025\/04\/2pointeuse-ZKTeco-150x150.jpg",150,150,true],"medium":["https:\/\/www.mc2020.net\/shop\/wp-content\/uploads\/2025\/04\/2pointeuse-ZKTeco-300x300.jpg",300,300,true],"medium_large":["https:\/\/www.mc2020.net\/shop\/wp-content\/uploads\/2025\/04\/2pointeuse-ZKTeco.jpg",680,680,false],"large":["https:\/\/www.mc2020.net\/shop\/wp-content\/uploads\/2025\/04\/2pointeuse-ZKTeco.jpg",680,680,false],"1536x1536":["https:\/\/www.mc2020.net\/shop\/wp-content\/uploads\/2025\/04\/2pointeuse-ZKTeco.jpg",680,680,false],"2048x2048":["https:\/\/www.mc2020.net\/shop\/wp-content\/uploads\/2025\/04\/2pointeuse-ZKTeco.jpg",680,680,false],"woocommerce_thumbnail":["https:\/\/www.mc2020.net\/shop\/wp-content\/uploads\/2025\/04\/2pointeuse-ZKTeco-300x300.jpg",300,300,true],"woocommerce_single":["https:\/\/www.mc2020.net\/shop\/wp-content\/uploads\/2025\/04\/2pointeuse-ZKTeco-600x600.jpg",600,600,true],"woocommerce_gallery_thumbnail":["https:\/\/www.mc2020.net\/shop\/wp-content\/uploads\/2025\/04\/2pointeuse-ZKTeco-100x100.jpg",100,100,true]},"uagb_author_info":{"display_name":"kawtar Marjoub","author_link":"https:\/\/www.mc2020.net\/shop\/author\/"},"uagb_comment_info":0,"uagb_excerpt":"ZKTeco mb360 Intelligent Access contr\u00f4le Reader Noir Lecteur de contr\u00f4le d&rsquo;acc\u00e8s \u2013 lecteurs de contr\u00f4le d&rsquo;acc\u00e8s (TFT, 7,11 cm (2.8&Prime;), USB 2.0, TCP\/IP, 0 \u2013 45 \u00b0C, 20 \u2013 80%) MB360 est un produit innovant dot\u00e9 des technologies avanc\u00e9es de reconnaissance d&#8217;empreintes digitales et de visages ZK. Il prend en charge plusieurs m\u00e9thodes de v\u00e9rification,\u2026","_links":{"self":[{"href":"https:\/\/www.mc2020.net\/shop\/wp-json\/wp\/v2\/product\/3136","targetHints":{"allow":["GET"]}}],"collection":[{"href":"https:\/\/www.mc2020.net\/shop\/wp-json\/wp\/v2\/product"}],"about":[{"href":"https:\/\/www.mc2020.net\/shop\/wp-json\/wp\/v2\/types\/product"}],"replies":[{"embeddable":true,"href":"https:\/\/www.mc2020.net\/shop\/wp-json\/wp\/v2\/comments?post=3136"}],"wp:featuredmedia":[{"embeddable":true,"href":"https:\/\/www.mc2020.net\/shop\/wp-json\/wp\/v2\/media\/3145"}],"wp:attachment":[{"href":"https:\/\/www.mc2020.net\/shop\/wp-json\/wp\/v2\/media?parent=3136"}],"wp:term":[{"taxonomy":"product_brand","embeddable":true,"href":"https:\/\/www.mc2020.net\/shop\/wp-json\/wp\/v2\/product_brand?post=3136"},{"taxonomy":"product_cat","embeddable":true,"href":"https:\/\/www.mc2020.net\/shop\/wp-json\/wp\/v2\/product_cat?post=3136"},{"taxonomy":"product_tag","embeddable":true,"href":"https:\/\/www.mc2020.net\/shop\/wp-json\/wp\/v2\/product_tag?post=3136"}],"curies":[{"name":"wp","href":"https:\/\/api.w.org\/{rel}","templated":true}]}}