{"id":3129,"date":"2025-04-24T09:22:27","date_gmt":"2025-04-24T08:22:27","guid":{"rendered":"https:\/\/www.mc2020.net\/shop\/?post_type=product&#038;p=3129"},"modified":"2026-04-01T14:02:54","modified_gmt":"2026-04-01T13:02:54","slug":"nvidia-quadro-fx-5800-4-go-vram","status":"publish","type":"product","link":"https:\/\/www.mc2020.net\/shop\/produit\/nvidia-quadro-fx-5800-4-go-vram\/","title":{"rendered":"NVIDIA QUADRO FX 5800 (4 GO VRAM)"},"content":{"rendered":"<p>Caract\u00e9ristiques Les param\u00e8tres g\u00e9n\u00e9raux Quadro FX 5800 : nombre de shaders, fr\u00e9quence du noyau de vid\u00e9o, processus technologique, vitesse de texturation et de calcul. De mani\u00e8re indirecte, ils parlent de la performance de Quadro FX 5800, bien qu&rsquo;il soit n\u00e9cessaire d&rsquo;examiner les r\u00e9sultats des benchmarks et des tests de jeu pour une \u00e9valuation pr\u00e9cise. Nombre de processeurs de shaders : 240 Fr\u00e9quence de noyau : 610 MHz Nombre de transistors :1,400 million Processus technologique de fabrication :55 nm Consommation d&rsquo;\u00e9nergie (TDP) : 189 Watt Vitesse de texturation : 48.80 Performance \u00e0 virgule flottante 622.1 gflops Compatibilit\u00e9 et dimensions Les param\u00e8tres qui sont responsables de la compatibilit\u00e9 de Quadro FX 5800 avec d&rsquo;autres composants de l&rsquo;ordinateur.Utile, par exemple, lors du choix de la configuration d&rsquo;un futur ordinateur ou pour une mise \u00e0 niveau d&rsquo;un ordinateur existant.Pour les cartes graphiques desktops, il s&rsquo;agit d&rsquo;une interface et d&rsquo;un bus de connexion (compatible avec la carte m\u00e8re), de dimensions physiques de la carte graphique (compatible avec la carte m\u00e8re et le bo\u00eetier), de connecteurs d&rsquo;alimentation suppl\u00e9mentaires (compatible avec un bloc d&rsquo;alimentation). Interface PCIe 2.0 x16 Longueur 267 mm \u00c9paisseur 2-slot Connecteurs d&rsquo;alimentation suppl\u00e9mentaires 1x 6-pin + 1x 8-pin M\u00e9moire Les param\u00e8tres de la m\u00e9moire install\u00e9e sur Quadro FX 5800 sont le type, la capacit\u00e9, le bus, la fr\u00e9quence et la bande passante. Pour les cartes graphiques int\u00e9gr\u00e9es dans le processeur qui ne disposent pas de leur propre m\u00e9moire, la m\u00e9moire vive partag\u00e9e est utilis\u00e9e. Type de m\u00e9moire GDDR3 Capacit\u00e9 de m\u00e9moire maximale 4 Gb Largeur de bus de m\u00e9moire 512 Bit Fr\u00e9quence de m\u00e9moire 1600 MHz Bande passante de la m\u00e9moire 102.4 Gb\/s Connecteurs vid\u00e9o Les connecteurs vid\u00e9o disponibles sont list\u00e9s sur Quadro FX 5800. En r\u00e8gle g\u00e9n\u00e9rale, cette section n&rsquo;est pertinente que pour les cartes vid\u00e9o de r\u00e9f\u00e9rence de bureau, car pour les ordinateurs portables, la disponibilit\u00e9 de certaines sorties vid\u00e9o d\u00e9pend du mod\u00e8le d&rsquo;ordinateur portable. Connecteurs de vid\u00e9o 2x DVI, 1x DisplayPort, 1x S-Video<\/p>\n","protected":false},"excerpt":{"rendered":"<table id=\"sylius-product-attributes\" class=\"table border-bottom\">\n<tbody>\n<tr>\n<td class=\"text-dark sylius-product-attribute-name\"><strong>Model<\/strong><\/td>\n<td class=\"sylius-product-attribute-value\">FZ559AA<\/td>\n<\/tr>\n<tr>\n<td class=\"text-dark sylius-product-attribute-name\"><strong>R\u00e9solution<\/strong><\/td>\n<td class=\"sylius-product-attribute-value\">2560 x 1600 pixels<\/td>\n<\/tr>\n<tr>\n<td class=\"text-dark sylius-product-attribute-name\"><strong>Chipset graphique<\/strong><\/td>\n<td class=\"sylius-product-attribute-value\">Quadro FX 5800<\/td>\n<\/tr>\n<tr>\n<td class=\"text-dark sylius-product-attribute-name\"><strong>Taille m\u00e9moire<\/strong><\/td>\n<td class=\"sylius-product-attribute-value\">4 Go<\/td>\n<\/tr>\n<tr>\n<td class=\"text-dark sylius-product-attribute-name\"><strong>Type de m\u00e9moire<\/strong><\/td>\n<td class=\"sylius-product-attribute-value\">GDDR3<\/td>\n<\/tr>\n<tr>\n<td class=\"text-dark sylius-product-attribute-name\"><strong>Sorties vid\u00e9o<\/strong><\/td>\n<td class=\"sylius-product-attribute-value\">2x DVI, 1x DisplayPort, 1x S-Video<\/td>\n<\/tr>\n<tr>\n<td class=\"text-dark sylius-product-attribute-name\"><strong>Interface m\u00e9moire<\/strong><\/td>\n<td class=\"sylius-product-attribute-value\">512-bit<\/td>\n<\/tr>\n<tr>\n<td class=\"text-dark sylius-product-attribute-name\"><strong>Consommation<\/strong><\/td>\n<td class=\"sylius-product-attribute-value\">225W<\/td>\n<\/tr>\n<tr>\n<td class=\"text-dark sylius-product-attribute-name\"><strong>Etat<\/strong><\/td>\n<td class=\"sylius-product-attribute-value\">Remis \u00e0 Neuf<\/td>\n<\/tr>\n<\/tbody>\n<\/table>\n","protected":false},"featured_media":3130,"comment_status":"open","ping_status":"closed","template":"","meta":{"_uag_custom_page_level_css":"","site-sidebar-layout":"default","site-content-layout":"","ast-site-content-layout":"default","site-content-style":"default","site-sidebar-style":"default","ast-global-header-display":"","ast-banner-title-visibility":"","ast-main-header-display":"","ast-hfb-above-header-display":"","ast-hfb-below-header-display":"","ast-hfb-mobile-header-display":"","site-post-title":"","ast-breadcrumbs-content":"","ast-featured-img":"","footer-sml-layout":"","ast-disable-related-posts":"","theme-transparent-header-meta":"default","adv-header-id-meta":"","stick-header-meta":"","header-above-stick-meta":"","header-main-stick-meta":"","header-below-stick-meta":"","astra-migrate-meta-layouts":"set","ast-page-background-enabled":"default","ast-page-background-meta":{"desktop":{"background-color":"var(--ast-global-color-4)","background-image":"","background-repeat":"repeat","background-position":"center center","background-size":"auto","background-attachment":"scroll","background-type":"","background-media":"","overlay-type":"","overlay-color":"","overlay-opacity":"","overlay-gradient":""},"tablet":{"background-color":"","background-image":"","background-repeat":"repeat","background-position":"center center","background-size":"auto","background-attachment":"scroll","background-type":"","background-media":"","overlay-type":"","overlay-color":"","overlay-opacity":"","overlay-gradient":""},"mobile":{"background-color":"","background-image":"","background-repeat":"repeat","background-position":"center center","background-size":"auto","background-attachment":"scroll","background-type":"","background-media":"","overlay-type":"","overlay-color":"","overlay-opacity":"","overlay-gradient":""}},"ast-content-background-meta":{"desktop":{"background-color":"var(--ast-global-color-5)","background-image":"","background-repeat":"repeat","background-position":"center center","background-size":"auto","background-attachment":"scroll","background-type":"","background-media":"","overlay-type":"","overlay-color":"","overlay-opacity":"","overlay-gradient":""},"tablet":{"background-color":"var(--ast-global-color-5)","background-image":"","background-repeat":"repeat","background-position":"center center","background-size":"auto","background-attachment":"scroll","background-type":"","background-media":"","overlay-type":"","overlay-color":"","overlay-opacity":"","overlay-gradient":""},"mobile":{"background-color":"var(--ast-global-color-5)","background-image":"","background-repeat":"repeat","background-position":"center center","background-size":"auto","background-attachment":"scroll","background-type":"","background-media":"","overlay-type":"","overlay-color":"","overlay-opacity":"","overlay-gradient":""}}},"product_brand":[42],"product_cat":[26],"product_tag":[],"class_list":{"0":"post-3129","1":"product","2":"type-product","3":"status-publish","4":"has-post-thumbnail","6":"product_brand-nvda","7":"product_cat-accessoires","8":"desktop-align-left","9":"tablet-align-left","10":"mobile-align-left","12":"first","13":"outofstock","14":"taxable","15":"shipping-taxable","16":"purchasable","17":"product-type-simple"},"aioseo_notices":[],"uagb_featured_image_src":{"full":["https:\/\/www.mc2020.net\/shop\/wp-content\/uploads\/2025\/04\/fx5800.jpg",525,525,false],"thumbnail":["https:\/\/www.mc2020.net\/shop\/wp-content\/uploads\/2025\/04\/fx5800-150x150.jpg",150,150,true],"medium":["https:\/\/www.mc2020.net\/shop\/wp-content\/uploads\/2025\/04\/fx5800-300x300.jpg",300,300,true],"medium_large":["https:\/\/www.mc2020.net\/shop\/wp-content\/uploads\/2025\/04\/fx5800.jpg",525,525,false],"large":["https:\/\/www.mc2020.net\/shop\/wp-content\/uploads\/2025\/04\/fx5800.jpg",525,525,false],"1536x1536":["https:\/\/www.mc2020.net\/shop\/wp-content\/uploads\/2025\/04\/fx5800.jpg",525,525,false],"2048x2048":["https:\/\/www.mc2020.net\/shop\/wp-content\/uploads\/2025\/04\/fx5800.jpg",525,525,false],"woocommerce_thumbnail":["https:\/\/www.mc2020.net\/shop\/wp-content\/uploads\/2025\/04\/fx5800-300x300.jpg",300,300,true],"woocommerce_single":["https:\/\/www.mc2020.net\/shop\/wp-content\/uploads\/2025\/04\/fx5800.jpg",525,525,false],"woocommerce_gallery_thumbnail":["https:\/\/www.mc2020.net\/shop\/wp-content\/uploads\/2025\/04\/fx5800-100x100.jpg",100,100,true]},"uagb_author_info":{"display_name":"Adil OUBNALI","author_link":"https:\/\/www.mc2020.net\/shop\/author\/"},"uagb_comment_info":0,"uagb_excerpt":"Model FZ559AA R\u00e9solution 2560 x 1600 pixels Chipset graphique Quadro FX 5800 Taille m\u00e9moire 4 Go Type de m\u00e9moire GDDR3 Sorties vid\u00e9o 2x DVI, 1x DisplayPort, 1x S-Video Interface m\u00e9moire 512-bit Consommation 225W Etat Remis \u00e0 Neuf","_links":{"self":[{"href":"https:\/\/www.mc2020.net\/shop\/wp-json\/wp\/v2\/product\/3129","targetHints":{"allow":["GET"]}}],"collection":[{"href":"https:\/\/www.mc2020.net\/shop\/wp-json\/wp\/v2\/product"}],"about":[{"href":"https:\/\/www.mc2020.net\/shop\/wp-json\/wp\/v2\/types\/product"}],"replies":[{"embeddable":true,"href":"https:\/\/www.mc2020.net\/shop\/wp-json\/wp\/v2\/comments?post=3129"}],"wp:featuredmedia":[{"embeddable":true,"href":"https:\/\/www.mc2020.net\/shop\/wp-json\/wp\/v2\/media\/3130"}],"wp:attachment":[{"href":"https:\/\/www.mc2020.net\/shop\/wp-json\/wp\/v2\/media?parent=3129"}],"wp:term":[{"taxonomy":"product_brand","embeddable":true,"href":"https:\/\/www.mc2020.net\/shop\/wp-json\/wp\/v2\/product_brand?post=3129"},{"taxonomy":"product_cat","embeddable":true,"href":"https:\/\/www.mc2020.net\/shop\/wp-json\/wp\/v2\/product_cat?post=3129"},{"taxonomy":"product_tag","embeddable":true,"href":"https:\/\/www.mc2020.net\/shop\/wp-json\/wp\/v2\/product_tag?post=3129"}],"curies":[{"name":"wp","href":"https:\/\/api.w.org\/{rel}","templated":true}]}}