{"id":3055,"date":"2025-02-07T15:19:35","date_gmt":"2025-02-07T14:19:35","guid":{"rendered":"https:\/\/www.mc2020.net\/shop\/?post_type=product&#038;p=3055"},"modified":"2025-02-07T15:21:49","modified_gmt":"2025-02-07T14:21:49","slug":"canon-canoscan-lide-300","status":"publish","type":"product","link":"https:\/\/www.mc2020.net\/shop\/produit\/canon-canoscan-lide-300\/","title":{"rendered":"Canon CanoScan LiDE 300"},"content":{"rendered":"<p>T\u00e9l\u00e9chargez des pilotes, logiciels, micrologiciels et manuels, et acc\u00e9dez aux ressources de d\u00e9pannage pour votre scanner.<\/p>\n<p>Ce fichier est un pilote de scanner compatible TWAIN pour scanner d&rsquo;images couleur Canon.<br \/>\nVous pouvez installer les composants suivants du logiciel :<br \/>\nScanGear : Le pilote de scanner compatible TWAIN pour scanner d&rsquo;images couleur Canon.<br \/>\nIJ Scan Utility : Le logiciel qui vous permet de num\u00e9riser facilement des photos, des documents, etc.<\/p>\n","protected":false},"excerpt":{"rendered":"<p>T\u00e9l\u00e9chargez des pilotes, logiciels, micrologiciels et manuels, et acc\u00e9dez aux ressources de d\u00e9pannage pour votre scanner. Ce fichier est un pilote de scanner compatible TWAIN pour scanner d&rsquo;images couleur Canon. Vous pouvez installer les composants suivants du logiciel : ScanGear : Le pilote de scanner compatible TWAIN pour scanner d&rsquo;images couleur Canon. IJ Scan Utility [&hellip;]<\/p>\n","protected":false},"featured_media":3056,"comment_status":"open","ping_status":"closed","template":"","meta":{"_uag_custom_page_level_css":"","site-sidebar-layout":"default","site-content-layout":"","ast-site-content-layout":"default","site-content-style":"default","site-sidebar-style":"default","ast-global-header-display":"","ast-banner-title-visibility":"","ast-main-header-display":"","ast-hfb-above-header-display":"","ast-hfb-below-header-display":"","ast-hfb-mobile-header-display":"","site-post-title":"","ast-breadcrumbs-content":"","ast-featured-img":"","footer-sml-layout":"","ast-disable-related-posts":"","theme-transparent-header-meta":"default","adv-header-id-meta":"","stick-header-meta":"","header-above-stick-meta":"","header-main-stick-meta":"","header-below-stick-meta":"","astra-migrate-meta-layouts":"set","ast-page-background-enabled":"default","ast-page-background-meta":{"desktop":{"background-color":"var(--ast-global-color-4)","background-image":"","background-repeat":"repeat","background-position":"center center","background-size":"auto","background-attachment":"scroll","background-type":"","background-media":"","overlay-type":"","overlay-color":"","overlay-opacity":"","overlay-gradient":""},"tablet":{"background-color":"","background-image":"","background-repeat":"repeat","background-position":"center center","background-size":"auto","background-attachment":"scroll","background-type":"","background-media":"","overlay-type":"","overlay-color":"","overlay-opacity":"","overlay-gradient":""},"mobile":{"background-color":"","background-image":"","background-repeat":"repeat","background-position":"center center","background-size":"auto","background-attachment":"scroll","background-type":"","background-media":"","overlay-type":"","overlay-color":"","overlay-opacity":"","overlay-gradient":""}},"ast-content-background-meta":{"desktop":{"background-color":"var(--ast-global-color-5)","background-image":"","background-repeat":"repeat","background-position":"center center","background-size":"auto","background-attachment":"scroll","background-type":"","background-media":"","overlay-type":"","overlay-color":"","overlay-opacity":"","overlay-gradient":""},"tablet":{"background-color":"var(--ast-global-color-5)","background-image":"","background-repeat":"repeat","background-position":"center center","background-size":"auto","background-attachment":"scroll","background-type":"","background-media":"","overlay-type":"","overlay-color":"","overlay-opacity":"","overlay-gradient":""},"mobile":{"background-color":"var(--ast-global-color-5)","background-image":"","background-repeat":"repeat","background-position":"center center","background-size":"auto","background-attachment":"scroll","background-type":"","background-media":"","overlay-type":"","overlay-color":"","overlay-opacity":"","overlay-gradient":""}}},"product_brand":[],"product_cat":[28],"product_tag":[],"class_list":{"0":"post-3055","1":"product","2":"type-product","3":"status-publish","4":"has-post-thumbnail","6":"product_cat-imprimantes","7":"desktop-align-left","8":"tablet-align-left","9":"mobile-align-left","11":"first","12":"instock","13":"taxable","14":"shipping-taxable","15":"purchasable","16":"product-type-simple"},"aioseo_notices":[],"uagb_featured_image_src":{"full":["https:\/\/www.mc2020.net\/shop\/wp-content\/uploads\/2025\/02\/canon-scanner-Canoscan-lide-300.webp",600,600,false],"thumbnail":["https:\/\/www.mc2020.net\/shop\/wp-content\/uploads\/2025\/02\/canon-scanner-Canoscan-lide-300-150x150.webp",150,150,true],"medium":["https:\/\/www.mc2020.net\/shop\/wp-content\/uploads\/2025\/02\/canon-scanner-Canoscan-lide-300-300x300.webp",300,300,true],"medium_large":["https:\/\/www.mc2020.net\/shop\/wp-content\/uploads\/2025\/02\/canon-scanner-Canoscan-lide-300.webp",600,600,false],"large":["https:\/\/www.mc2020.net\/shop\/wp-content\/uploads\/2025\/02\/canon-scanner-Canoscan-lide-300.webp",600,600,false],"1536x1536":["https:\/\/www.mc2020.net\/shop\/wp-content\/uploads\/2025\/02\/canon-scanner-Canoscan-lide-300.webp",600,600,false],"2048x2048":["https:\/\/www.mc2020.net\/shop\/wp-content\/uploads\/2025\/02\/canon-scanner-Canoscan-lide-300.webp",600,600,false],"woocommerce_thumbnail":["https:\/\/www.mc2020.net\/shop\/wp-content\/uploads\/2025\/02\/canon-scanner-Canoscan-lide-300-300x300.webp",300,300,true],"woocommerce_single":["https:\/\/www.mc2020.net\/shop\/wp-content\/uploads\/2025\/02\/canon-scanner-Canoscan-lide-300.webp",600,600,false],"woocommerce_gallery_thumbnail":["https:\/\/www.mc2020.net\/shop\/wp-content\/uploads\/2025\/02\/canon-scanner-Canoscan-lide-300-100x100.webp",100,100,true]},"uagb_author_info":{"display_name":"kawtar Marjoub","author_link":"https:\/\/www.mc2020.net\/shop\/author\/"},"uagb_comment_info":0,"uagb_excerpt":"T\u00e9l\u00e9chargez des pilotes, logiciels, micrologiciels et manuels, et acc\u00e9dez aux ressources de d\u00e9pannage pour votre scanner. Ce fichier est un pilote de scanner compatible TWAIN pour scanner d&rsquo;images couleur Canon. Vous pouvez installer les composants suivants du logiciel : ScanGear : Le pilote de scanner compatible TWAIN pour scanner d&rsquo;images couleur Canon. IJ Scan Utility\u2026","_links":{"self":[{"href":"https:\/\/www.mc2020.net\/shop\/wp-json\/wp\/v2\/product\/3055","targetHints":{"allow":["GET"]}}],"collection":[{"href":"https:\/\/www.mc2020.net\/shop\/wp-json\/wp\/v2\/product"}],"about":[{"href":"https:\/\/www.mc2020.net\/shop\/wp-json\/wp\/v2\/types\/product"}],"replies":[{"embeddable":true,"href":"https:\/\/www.mc2020.net\/shop\/wp-json\/wp\/v2\/comments?post=3055"}],"wp:featuredmedia":[{"embeddable":true,"href":"https:\/\/www.mc2020.net\/shop\/wp-json\/wp\/v2\/media\/3056"}],"wp:attachment":[{"href":"https:\/\/www.mc2020.net\/shop\/wp-json\/wp\/v2\/media?parent=3055"}],"wp:term":[{"taxonomy":"product_brand","embeddable":true,"href":"https:\/\/www.mc2020.net\/shop\/wp-json\/wp\/v2\/product_brand?post=3055"},{"taxonomy":"product_cat","embeddable":true,"href":"https:\/\/www.mc2020.net\/shop\/wp-json\/wp\/v2\/product_cat?post=3055"},{"taxonomy":"product_tag","embeddable":true,"href":"https:\/\/www.mc2020.net\/shop\/wp-json\/wp\/v2\/product_tag?post=3055"}],"curies":[{"name":"wp","href":"https:\/\/api.w.org\/{rel}","templated":true}]}}