{"id":3018,"date":"2025-11-01T11:00:04","date_gmt":"2025-11-01T10:00:04","guid":{"rendered":"https:\/\/www.mc2020.net\/shop\/?post_type=product&#038;p=3018"},"modified":"2025-11-17T11:49:32","modified_gmt":"2025-11-17T10:49:32","slug":"imprimante-canon-pixma-g3410","status":"publish","type":"product","link":"https:\/\/www.mc2020.net\/shop\/produit\/imprimante-canon-pixma-g3410\/","title":{"rendered":"Imprimante Canon Pixma G3410"},"content":{"rendered":"<p>Impression, copie et scan<br \/>\nLivr\u00e9e avec\u00a0encre\u00a0noire jusqu&rsquo;\u00e0 6000 pages et 7000 pages en couleur (1 bouteille d&rsquo;encre noire de 135ml; 3 Bouteilles d\u2019encre couleurs individuelles de 70ml)<br \/>\nVitesse d&rsquo;impression noir: 16,4 pages\/min (8,8 images\/min) en norme ISO<br \/>\nVitesse d&rsquo;impression couleur: 12,8 pages\/min (5 images\/min) en norme ISO<br \/>\nQualit\u00e9 d&rsquo;impression noire: Jusqu&rsquo;\u00e0 4800 \u00d7 1200 DPI (ppp)<br \/>\nQualit\u00e9 d&rsquo;impression couleur: Jusqu&rsquo;\u00e0 4800 \u00d7 1200 DPI (ppp)<br \/>\nImpression recto\/verso: Manuelle<br \/>\nFonctionne avec: 4 r\u00e9servoirs (noir, cyan, magenta, jaune)<br \/>\nConnectivit\u00e9: Hi-Speed USB (B Port), Wi-Fi<\/p>\n","protected":false},"excerpt":{"rendered":"<ul>\n<li class=\"no-style-h3\">Impression \u2013 copie et scan.<\/li>\n<li class=\"no-style-h3\">Livr\u00e9e avec encre noire jusqu\u2019\u00e0 6000 pages et 7000 pages en couleur (1 bouteille d\u2019encre noire de 135ml; 3 Bouteilles d\u2019encre couleurs individuelles de 70ml).<\/li>\n<li class=\"no-style-h3\">Vitesse d\u2019impression noir 16.4 pages\/min (8.8 images\/min) en norme ISO.<\/li>\n<li class=\"no-style-h3\"><span class=\"Garantie1An\">R\u00e9f\/SKU (2315C009AB)<\/span><\/li>\n<li class=\"no-style-h3\"><span class=\"Garantie1An\">Garantie constructeur valable.<\/span><\/li>\n<\/ul>\n","protected":false},"featured_media":3019,"comment_status":"open","ping_status":"closed","template":"","meta":{"_uag_custom_page_level_css":"","site-sidebar-layout":"default","site-content-layout":"","ast-site-content-layout":"default","site-content-style":"default","site-sidebar-style":"default","ast-global-header-display":"","ast-banner-title-visibility":"","ast-main-header-display":"","ast-hfb-above-header-display":"","ast-hfb-below-header-display":"","ast-hfb-mobile-header-display":"","site-post-title":"","ast-breadcrumbs-content":"","ast-featured-img":"","footer-sml-layout":"","ast-disable-related-posts":"","theme-transparent-header-meta":"default","adv-header-id-meta":"","stick-header-meta":"","header-above-stick-meta":"","header-main-stick-meta":"","header-below-stick-meta":"","astra-migrate-meta-layouts":"set","ast-page-background-enabled":"default","ast-page-background-meta":{"desktop":{"background-color":"var(--ast-global-color-4)","background-image":"","background-repeat":"repeat","background-position":"center center","background-size":"auto","background-attachment":"scroll","background-type":"","background-media":"","overlay-type":"","overlay-color":"","overlay-opacity":"","overlay-gradient":""},"tablet":{"background-color":"","background-image":"","background-repeat":"repeat","background-position":"center center","background-size":"auto","background-attachment":"scroll","background-type":"","background-media":"","overlay-type":"","overlay-color":"","overlay-opacity":"","overlay-gradient":""},"mobile":{"background-color":"","background-image":"","background-repeat":"repeat","background-position":"center center","background-size":"auto","background-attachment":"scroll","background-type":"","background-media":"","overlay-type":"","overlay-color":"","overlay-opacity":"","overlay-gradient":""}},"ast-content-background-meta":{"desktop":{"background-color":"var(--ast-global-color-5)","background-image":"","background-repeat":"repeat","background-position":"center center","background-size":"auto","background-attachment":"scroll","background-type":"","background-media":"","overlay-type":"","overlay-color":"","overlay-opacity":"","overlay-gradient":""},"tablet":{"background-color":"var(--ast-global-color-5)","background-image":"","background-repeat":"repeat","background-position":"center center","background-size":"auto","background-attachment":"scroll","background-type":"","background-media":"","overlay-type":"","overlay-color":"","overlay-opacity":"","overlay-gradient":""},"mobile":{"background-color":"var(--ast-global-color-5)","background-image":"","background-repeat":"repeat","background-position":"center center","background-size":"auto","background-attachment":"scroll","background-type":"","background-media":"","overlay-type":"","overlay-color":"","overlay-opacity":"","overlay-gradient":""}}},"product_brand":[],"product_cat":[28],"product_tag":[],"class_list":{"0":"post-3018","1":"product","2":"type-product","3":"status-publish","4":"has-post-thumbnail","6":"product_cat-imprimantes","7":"desktop-align-left","8":"tablet-align-left","9":"mobile-align-left","11":"first","12":"instock","13":"sale","14":"taxable","15":"shipping-taxable","16":"purchasable","17":"product-type-simple"},"aioseo_notices":[],"uagb_featured_image_src":{"full":["https:\/\/www.mc2020.net\/shop\/wp-content\/uploads\/2025\/02\/canon-pixma-G3410.jpg",1000,1260,false],"thumbnail":["https:\/\/www.mc2020.net\/shop\/wp-content\/uploads\/2025\/02\/canon-pixma-G3410-150x150.jpg",150,150,true],"medium":["https:\/\/www.mc2020.net\/shop\/wp-content\/uploads\/2025\/02\/canon-pixma-G3410-238x300.jpg",238,300,true],"medium_large":["https:\/\/www.mc2020.net\/shop\/wp-content\/uploads\/2025\/02\/canon-pixma-G3410-768x968.jpg",768,968,true],"large":["https:\/\/www.mc2020.net\/shop\/wp-content\/uploads\/2025\/02\/canon-pixma-G3410-813x1024.jpg",813,1024,true],"1536x1536":["https:\/\/www.mc2020.net\/shop\/wp-content\/uploads\/2025\/02\/canon-pixma-G3410.jpg",1000,1260,false],"2048x2048":["https:\/\/www.mc2020.net\/shop\/wp-content\/uploads\/2025\/02\/canon-pixma-G3410.jpg",1000,1260,false],"woocommerce_thumbnail":["https:\/\/www.mc2020.net\/shop\/wp-content\/uploads\/2025\/02\/canon-pixma-G3410-300x300.jpg",300,300,true],"woocommerce_single":["https:\/\/www.mc2020.net\/shop\/wp-content\/uploads\/2025\/02\/canon-pixma-G3410-600x756.jpg",600,756,true],"woocommerce_gallery_thumbnail":["https:\/\/www.mc2020.net\/shop\/wp-content\/uploads\/2025\/02\/canon-pixma-G3410-100x100.jpg",100,100,true]},"uagb_author_info":{"display_name":"kawtar Marjoub","author_link":"https:\/\/www.mc2020.net\/shop\/author\/"},"uagb_comment_info":0,"uagb_excerpt":"Impression \u2013 copie et scan. Livr\u00e9e avec encre noire jusqu\u2019\u00e0 6000 pages et 7000 pages en couleur (1 bouteille d\u2019encre noire de 135ml; 3 Bouteilles d\u2019encre couleurs individuelles de 70ml). Vitesse d\u2019impression noir 16.4 pages\/min (8.8 images\/min) en norme ISO. R\u00e9f\/SKU (2315C009AB) Garantie constructeur valable.","_links":{"self":[{"href":"https:\/\/www.mc2020.net\/shop\/wp-json\/wp\/v2\/product\/3018","targetHints":{"allow":["GET"]}}],"collection":[{"href":"https:\/\/www.mc2020.net\/shop\/wp-json\/wp\/v2\/product"}],"about":[{"href":"https:\/\/www.mc2020.net\/shop\/wp-json\/wp\/v2\/types\/product"}],"replies":[{"embeddable":true,"href":"https:\/\/www.mc2020.net\/shop\/wp-json\/wp\/v2\/comments?post=3018"}],"wp:featuredmedia":[{"embeddable":true,"href":"https:\/\/www.mc2020.net\/shop\/wp-json\/wp\/v2\/media\/3019"}],"wp:attachment":[{"href":"https:\/\/www.mc2020.net\/shop\/wp-json\/wp\/v2\/media?parent=3018"}],"wp:term":[{"taxonomy":"product_brand","embeddable":true,"href":"https:\/\/www.mc2020.net\/shop\/wp-json\/wp\/v2\/product_brand?post=3018"},{"taxonomy":"product_cat","embeddable":true,"href":"https:\/\/www.mc2020.net\/shop\/wp-json\/wp\/v2\/product_cat?post=3018"},{"taxonomy":"product_tag","embeddable":true,"href":"https:\/\/www.mc2020.net\/shop\/wp-json\/wp\/v2\/product_tag?post=3018"}],"curies":[{"name":"wp","href":"https:\/\/api.w.org\/{rel}","templated":true}]}}