{"id":3007,"date":"2025-01-30T15:51:32","date_gmt":"2025-01-30T14:51:32","guid":{"rendered":"https:\/\/www.mc2020.net\/shop\/?post_type=product&#038;p=3007"},"modified":"2026-03-11T17:18:31","modified_gmt":"2026-03-11T17:18:31","slug":"carte-follow-facebook-connectee-et-sans-contact","status":"publish","type":"product","link":"https:\/\/www.mc2020.net\/shop\/produit\/carte-follow-facebook-connectee-et-sans-contact\/","title":{"rendered":"Carte Follow Facebook connect\u00e9e et sans contact"},"content":{"rendered":"","protected":false},"excerpt":{"rendered":"<p>La carte Follow Facebook est un outil de marketing efficace pour les professionnels et les entreprises qui cherchent \u00e0 augmenter leur visibilit\u00e9 sur les r\u00e9seaux sociaux. Cette carte vous permet de donner la possibilit\u00e9 \u00e0 vos clients et partenaires de vous suivre facilement sur Facebook en approchant simplement leur t\u00e9l\u00e9phone \u00e0 votre carte ou en scannant le QR code.<\/p>\n<p>Vous pouvez personnaliser la carte avec votre nom d\u2019utilisateur Facebook et votre logo pour une pr\u00e9sentation professionnelle. Utilisez la carte Follow Facebook pour promouvoir votre entreprise et rester en contact avec vos clients.\u00a0Commandez-la d\u00e8s maintenant pour am\u00e9liorer votre pr\u00e9sence sur les r\u00e9seaux sociaux.<\/p>\n","protected":false},"featured_media":3034,"comment_status":"open","ping_status":"closed","template":"","meta":{"_uag_custom_page_level_css":"","site-sidebar-layout":"default","site-content-layout":"","ast-site-content-layout":"default","site-content-style":"default","site-sidebar-style":"default","ast-global-header-display":"","ast-banner-title-visibility":"","ast-main-header-display":"","ast-hfb-above-header-display":"","ast-hfb-below-header-display":"","ast-hfb-mobile-header-display":"","site-post-title":"","ast-breadcrumbs-content":"","ast-featured-img":"","footer-sml-layout":"","ast-disable-related-posts":"","theme-transparent-header-meta":"default","adv-header-id-meta":"","stick-header-meta":"","header-above-stick-meta":"","header-main-stick-meta":"","header-below-stick-meta":"","astra-migrate-meta-layouts":"set","ast-page-background-enabled":"default","ast-page-background-meta":{"desktop":{"background-color":"var(--ast-global-color-4)","background-image":"","background-repeat":"repeat","background-position":"center center","background-size":"auto","background-attachment":"scroll","background-type":"","background-media":"","overlay-type":"","overlay-color":"","overlay-opacity":"","overlay-gradient":""},"tablet":{"background-color":"","background-image":"","background-repeat":"repeat","background-position":"center center","background-size":"auto","background-attachment":"scroll","background-type":"","background-media":"","overlay-type":"","overlay-color":"","overlay-opacity":"","overlay-gradient":""},"mobile":{"background-color":"","background-image":"","background-repeat":"repeat","background-position":"center center","background-size":"auto","background-attachment":"scroll","background-type":"","background-media":"","overlay-type":"","overlay-color":"","overlay-opacity":"","overlay-gradient":""}},"ast-content-background-meta":{"desktop":{"background-color":"var(--ast-global-color-5)","background-image":"","background-repeat":"repeat","background-position":"center center","background-size":"auto","background-attachment":"scroll","background-type":"","background-media":"","overlay-type":"","overlay-color":"","overlay-opacity":"","overlay-gradient":""},"tablet":{"background-color":"var(--ast-global-color-5)","background-image":"","background-repeat":"repeat","background-position":"center center","background-size":"auto","background-attachment":"scroll","background-type":"","background-media":"","overlay-type":"","overlay-color":"","overlay-opacity":"","overlay-gradient":""},"mobile":{"background-color":"var(--ast-global-color-5)","background-image":"","background-repeat":"repeat","background-position":"center center","background-size":"auto","background-attachment":"scroll","background-type":"","background-media":"","overlay-type":"","overlay-color":"","overlay-opacity":"","overlay-gradient":""}}},"product_brand":[],"product_cat":[30],"product_tag":[],"class_list":{"0":"post-3007","1":"product","2":"type-product","3":"status-publish","4":"has-post-thumbnail","6":"product_cat-web-services","7":"desktop-align-left","8":"tablet-align-left","9":"mobile-align-left","11":"first","12":"instock","13":"taxable","14":"shipping-taxable","15":"purchasable","16":"product-type-simple"},"aioseo_notices":[],"uagb_featured_image_src":{"full":["https:\/\/www.mc2020.net\/shop\/wp-content\/uploads\/2025\/01\/CARTE-QR-FACEBOOK-DOUBLE.png",3008,3008,false],"thumbnail":["https:\/\/www.mc2020.net\/shop\/wp-content\/uploads\/2025\/01\/CARTE-QR-FACEBOOK-DOUBLE-150x150.png",150,150,true],"medium":["https:\/\/www.mc2020.net\/shop\/wp-content\/uploads\/2025\/01\/CARTE-QR-FACEBOOK-DOUBLE-300x300.png",300,300,true],"medium_large":["https:\/\/www.mc2020.net\/shop\/wp-content\/uploads\/2025\/01\/CARTE-QR-FACEBOOK-DOUBLE-768x768.png",768,768,true],"large":["https:\/\/www.mc2020.net\/shop\/wp-content\/uploads\/2025\/01\/CARTE-QR-FACEBOOK-DOUBLE-1024x1024.png",1024,1024,true],"1536x1536":["https:\/\/www.mc2020.net\/shop\/wp-content\/uploads\/2025\/01\/CARTE-QR-FACEBOOK-DOUBLE-1536x1536.png",1536,1536,true],"2048x2048":["https:\/\/www.mc2020.net\/shop\/wp-content\/uploads\/2025\/01\/CARTE-QR-FACEBOOK-DOUBLE-2048x2048.png",2048,2048,true],"woocommerce_thumbnail":["https:\/\/www.mc2020.net\/shop\/wp-content\/uploads\/2025\/01\/CARTE-QR-FACEBOOK-DOUBLE-300x300.png",300,300,true],"woocommerce_single":["https:\/\/www.mc2020.net\/shop\/wp-content\/uploads\/2025\/01\/CARTE-QR-FACEBOOK-DOUBLE-600x600.png",600,600,true],"woocommerce_gallery_thumbnail":["https:\/\/www.mc2020.net\/shop\/wp-content\/uploads\/2025\/01\/CARTE-QR-FACEBOOK-DOUBLE-100x100.png",100,100,true]},"uagb_author_info":{"display_name":"kawtar Marjoub","author_link":"https:\/\/www.mc2020.net\/shop\/author\/"},"uagb_comment_info":1,"uagb_excerpt":"La carte Follow Facebook est un outil de marketing efficace pour les professionnels et les entreprises qui cherchent \u00e0 augmenter leur visibilit\u00e9 sur les r\u00e9seaux sociaux. Cette carte vous permet de donner la possibilit\u00e9 \u00e0 vos clients et partenaires de vous suivre facilement sur Facebook en approchant simplement leur t\u00e9l\u00e9phone \u00e0 votre carte ou en\u2026","_links":{"self":[{"href":"https:\/\/www.mc2020.net\/shop\/wp-json\/wp\/v2\/product\/3007","targetHints":{"allow":["GET"]}}],"collection":[{"href":"https:\/\/www.mc2020.net\/shop\/wp-json\/wp\/v2\/product"}],"about":[{"href":"https:\/\/www.mc2020.net\/shop\/wp-json\/wp\/v2\/types\/product"}],"replies":[{"embeddable":true,"href":"https:\/\/www.mc2020.net\/shop\/wp-json\/wp\/v2\/comments?post=3007"}],"wp:featuredmedia":[{"embeddable":true,"href":"https:\/\/www.mc2020.net\/shop\/wp-json\/wp\/v2\/media\/3034"}],"wp:attachment":[{"href":"https:\/\/www.mc2020.net\/shop\/wp-json\/wp\/v2\/media?parent=3007"}],"wp:term":[{"taxonomy":"product_brand","embeddable":true,"href":"https:\/\/www.mc2020.net\/shop\/wp-json\/wp\/v2\/product_brand?post=3007"},{"taxonomy":"product_cat","embeddable":true,"href":"https:\/\/www.mc2020.net\/shop\/wp-json\/wp\/v2\/product_cat?post=3007"},{"taxonomy":"product_tag","embeddable":true,"href":"https:\/\/www.mc2020.net\/shop\/wp-json\/wp\/v2\/product_tag?post=3007"}],"curies":[{"name":"wp","href":"https:\/\/api.w.org\/{rel}","templated":true}]}}