{"id":3005,"date":"2025-01-30T15:48:41","date_gmt":"2025-01-30T14:48:41","guid":{"rendered":"https:\/\/www.mc2020.net\/shop\/?post_type=product&#038;p=3005"},"modified":"2025-08-11T18:50:45","modified_gmt":"2025-08-11T17:50:45","slug":"carte-avis-tripadvisor-connectee-et-sans-contact","status":"publish","type":"product","link":"https:\/\/www.mc2020.net\/shop\/produit\/carte-avis-tripadvisor-connectee-et-sans-contact\/","title":{"rendered":"Carte Avis Tripadvisor connect\u00e9e et sans contact"},"content":{"rendered":"<p>Avec notre carte Avis TripAdvisor connect\u00e9e et sans contact, encouragez vos clients satisfaits \u00e0 partager facilement leur exp\u00e9rience en ligne. Dot\u00e9e de la technologie NFC et d&rsquo;un QR code, cette carte permet \u00e0 vos clients d&rsquo;\u00eatre redirig\u00e9s instantan\u00e9ment vers votre page TripAdvisor d&rsquo;un simple geste ou scan avec leur smartphone.<\/p>\n<p>Facile \u00e0 utiliser et con\u00e7ue pour durer, cette carte \u00e9l\u00e9gante s&rsquo;int\u00e8gre parfaitement \u00e0 votre \u00e9tablissement. Placez-la sur vos tables, comptoirs ou zones de paiement pour inciter les avis positifs et am\u00e9liorer votre visibilit\u00e9 sur TripAdvisor. Boostez votre r\u00e9putation en ligne sans effort gr\u00e2ce \u00e0 cet outil moderne et efficace.<\/p>\n","protected":false},"excerpt":{"rendered":"<p>Avec notre carte Avis TripAdvisor connect\u00e9e et sans contact, encouragez vos clients satisfaits \u00e0 partager facilement leur exp\u00e9rience en ligne. Dot\u00e9e de la technologie NFC et d&rsquo;un QR code, cette carte permet \u00e0 vos clients d&rsquo;\u00eatre redirig\u00e9s instantan\u00e9ment vers votre page TripAdvisor d&rsquo;un simple geste ou scan avec leur smartphone. Facile \u00e0 utiliser et con\u00e7ue [&hellip;]<\/p>\n","protected":false},"featured_media":3032,"comment_status":"open","ping_status":"closed","template":"","meta":{"_uag_custom_page_level_css":"","site-sidebar-layout":"default","site-content-layout":"","ast-site-content-layout":"default","site-content-style":"default","site-sidebar-style":"default","ast-global-header-display":"","ast-banner-title-visibility":"","ast-main-header-display":"","ast-hfb-above-header-display":"","ast-hfb-below-header-display":"","ast-hfb-mobile-header-display":"","site-post-title":"","ast-breadcrumbs-content":"","ast-featured-img":"","footer-sml-layout":"","ast-disable-related-posts":"","theme-transparent-header-meta":"default","adv-header-id-meta":"","stick-header-meta":"","header-above-stick-meta":"","header-main-stick-meta":"","header-below-stick-meta":"","astra-migrate-meta-layouts":"set","ast-page-background-enabled":"default","ast-page-background-meta":{"desktop":{"background-color":"var(--ast-global-color-4)","background-image":"","background-repeat":"repeat","background-position":"center center","background-size":"auto","background-attachment":"scroll","background-type":"","background-media":"","overlay-type":"","overlay-color":"","overlay-opacity":"","overlay-gradient":""},"tablet":{"background-color":"","background-image":"","background-repeat":"repeat","background-position":"center center","background-size":"auto","background-attachment":"scroll","background-type":"","background-media":"","overlay-type":"","overlay-color":"","overlay-opacity":"","overlay-gradient":""},"mobile":{"background-color":"","background-image":"","background-repeat":"repeat","background-position":"center center","background-size":"auto","background-attachment":"scroll","background-type":"","background-media":"","overlay-type":"","overlay-color":"","overlay-opacity":"","overlay-gradient":""}},"ast-content-background-meta":{"desktop":{"background-color":"var(--ast-global-color-5)","background-image":"","background-repeat":"repeat","background-position":"center center","background-size":"auto","background-attachment":"scroll","background-type":"","background-media":"","overlay-type":"","overlay-color":"","overlay-opacity":"","overlay-gradient":""},"tablet":{"background-color":"var(--ast-global-color-5)","background-image":"","background-repeat":"repeat","background-position":"center center","background-size":"auto","background-attachment":"scroll","background-type":"","background-media":"","overlay-type":"","overlay-color":"","overlay-opacity":"","overlay-gradient":""},"mobile":{"background-color":"var(--ast-global-color-5)","background-image":"","background-repeat":"repeat","background-position":"center center","background-size":"auto","background-attachment":"scroll","background-type":"","background-media":"","overlay-type":"","overlay-color":"","overlay-opacity":"","overlay-gradient":""}}},"product_brand":[],"product_cat":[30],"product_tag":[],"class_list":{"0":"post-3005","1":"product","2":"type-product","3":"status-publish","4":"has-post-thumbnail","6":"product_cat-web-services","7":"desktop-align-left","8":"tablet-align-left","9":"mobile-align-left","11":"first","12":"instock","13":"taxable","14":"shipping-taxable","15":"purchasable","16":"product-type-simple"},"aioseo_notices":[],"uagb_featured_image_src":{"full":["https:\/\/www.mc2020.net\/shop\/wp-content\/uploads\/2025\/01\/tripadvisor-review-card.webp",1080,1080,false],"thumbnail":["https:\/\/www.mc2020.net\/shop\/wp-content\/uploads\/2025\/01\/tripadvisor-review-card-150x150.webp",150,150,true],"medium":["https:\/\/www.mc2020.net\/shop\/wp-content\/uploads\/2025\/01\/tripadvisor-review-card-300x300.webp",300,300,true],"medium_large":["https:\/\/www.mc2020.net\/shop\/wp-content\/uploads\/2025\/01\/tripadvisor-review-card-768x768.webp",768,768,true],"large":["https:\/\/www.mc2020.net\/shop\/wp-content\/uploads\/2025\/01\/tripadvisor-review-card-1024x1024.webp",1024,1024,true],"1536x1536":["https:\/\/www.mc2020.net\/shop\/wp-content\/uploads\/2025\/01\/tripadvisor-review-card.webp",1080,1080,false],"2048x2048":["https:\/\/www.mc2020.net\/shop\/wp-content\/uploads\/2025\/01\/tripadvisor-review-card.webp",1080,1080,false],"woocommerce_thumbnail":["https:\/\/www.mc2020.net\/shop\/wp-content\/uploads\/2025\/01\/tripadvisor-review-card-300x300.webp",300,300,true],"woocommerce_single":["https:\/\/www.mc2020.net\/shop\/wp-content\/uploads\/2025\/01\/tripadvisor-review-card-600x600.webp",600,600,true],"woocommerce_gallery_thumbnail":["https:\/\/www.mc2020.net\/shop\/wp-content\/uploads\/2025\/01\/tripadvisor-review-card-100x100.webp",100,100,true]},"uagb_author_info":{"display_name":"kawtar Marjoub","author_link":"https:\/\/www.mc2020.net\/shop\/author\/"},"uagb_comment_info":0,"uagb_excerpt":"Avec notre carte Avis TripAdvisor connect\u00e9e et sans contact, encouragez vos clients satisfaits \u00e0 partager facilement leur exp\u00e9rience en ligne. Dot\u00e9e de la technologie NFC et d&rsquo;un QR code, cette carte permet \u00e0 vos clients d&rsquo;\u00eatre redirig\u00e9s instantan\u00e9ment vers votre page TripAdvisor d&rsquo;un simple geste ou scan avec leur smartphone. Facile \u00e0 utiliser et con\u00e7ue\u2026","_links":{"self":[{"href":"https:\/\/www.mc2020.net\/shop\/wp-json\/wp\/v2\/product\/3005","targetHints":{"allow":["GET"]}}],"collection":[{"href":"https:\/\/www.mc2020.net\/shop\/wp-json\/wp\/v2\/product"}],"about":[{"href":"https:\/\/www.mc2020.net\/shop\/wp-json\/wp\/v2\/types\/product"}],"replies":[{"embeddable":true,"href":"https:\/\/www.mc2020.net\/shop\/wp-json\/wp\/v2\/comments?post=3005"}],"wp:featuredmedia":[{"embeddable":true,"href":"https:\/\/www.mc2020.net\/shop\/wp-json\/wp\/v2\/media\/3032"}],"wp:attachment":[{"href":"https:\/\/www.mc2020.net\/shop\/wp-json\/wp\/v2\/media?parent=3005"}],"wp:term":[{"taxonomy":"product_brand","embeddable":true,"href":"https:\/\/www.mc2020.net\/shop\/wp-json\/wp\/v2\/product_brand?post=3005"},{"taxonomy":"product_cat","embeddable":true,"href":"https:\/\/www.mc2020.net\/shop\/wp-json\/wp\/v2\/product_cat?post=3005"},{"taxonomy":"product_tag","embeddable":true,"href":"https:\/\/www.mc2020.net\/shop\/wp-json\/wp\/v2\/product_tag?post=3005"}],"curies":[{"name":"wp","href":"https:\/\/api.w.org\/{rel}","templated":true}]}}