{"id":2996,"date":"2025-01-30T11:31:46","date_gmt":"2025-01-30T10:31:46","guid":{"rendered":"https:\/\/www.mc2020.net\/shop\/?post_type=product&#038;p=2996"},"modified":"2025-08-11T18:50:47","modified_gmt":"2025-08-11T17:50:47","slug":"creation-de-logo","status":"publish","type":"product","link":"https:\/\/www.mc2020.net\/shop\/produit\/creation-de-logo\/","title":{"rendered":"Cr\u00e9ation de Logo et animation personnalis\u00e9e"},"content":{"rendered":"<p><strong>1 : Cr\u00e9ation de Logo Professionnel <\/strong><\/p>\n<ul>\n<li>Conception de 2 \u00e0 3 propositions de logos uniques bas\u00e9es sur vos besoins et votre vision.<\/li>\n<li>R\u00e9visions illimit\u00e9es jusqu&rsquo;\u00e0 votre enti\u00e8re satisfaction.<\/li>\n<li>Livraison des fichiers sources (vectoriels) dans diff\u00e9rents formats (AI, EPS, SVG, PNG, JPG) pour une utilisation optimale sur tous les supports.<\/li>\n<li>Guide d&rsquo;utilisation du logo (couleurs, typographie).<\/li>\n<\/ul>\n<p><strong>Pourquoi choisir ce service ?<\/strong><\/p>\n<ul>\n<li style=\"list-style-type: none;\">\n<ul data-sourcepos=\"17:5-19:77\">\n<li data-sourcepos=\"17:5-17:68\">Un logo professionnel renforce la cr\u00e9dibilit\u00e9 de votre marque.<\/li>\n<li data-sourcepos=\"18:5-18:57\">Un design unique vous distingue de vos concurrents.<\/li>\n<li data-sourcepos=\"19:5-19:77\">Des fichiers sources de haute qualit\u00e9 pour une utilisation polyvalente.<\/li>\n<\/ul>\n<\/li>\n<\/ul>\n<p data-sourcepos=\"26:1-26:96\"><strong>2 : Cr\u00e9ation d\u2019une Animation Logo Personnalis\u00e9e (prix \u00e0 d\u00e9finir selon la complexit\u00e9)<\/strong><\/p>\n<ul>\n<li style=\"list-style-type: none;\">\n<ul data-sourcepos=\"29:5-32:42\">\n<li data-sourcepos=\"29:5-29:69\">Animation de votre logo existant ou du logo cr\u00e9\u00e9 par nos soins.<\/li>\n<li data-sourcepos=\"30:5-30:86\">Conception d&rsquo;une animation sur mesure, adapt\u00e9e \u00e0 votre style et \u00e0 votre message.<\/li>\n<li data-sourcepos=\"31:5-31:147\">Livraison de l&rsquo;animation en format MP4 (ou autre format selon vos besoins) pour une utilisation sur les r\u00e9seaux sociaux, votre site web, etc.<\/li>\n<li data-sourcepos=\"32:5-32:42\">Musique libre de droits (en option).<\/li>\n<\/ul>\n<\/li>\n<\/ul>\n<p><strong>Pourquoi choisir ce service ?<\/strong><\/p>\n<ul>\n<li style=\"list-style-type: none;\">\n<ul data-sourcepos=\"34:5-36:61\">\n<li data-sourcepos=\"34:5-34:101\">Une animation de logo dynamique attire l&rsquo;attention et renforce la m\u00e9morisation de votre marque.<\/li>\n<li data-sourcepos=\"35:5-35:82\">Un excellent outil pour les introductions de vid\u00e9os, les pr\u00e9sentations, etc.<\/li>\n<li data-sourcepos=\"36:5-36:61\">Ajoute une touche de modernit\u00e9 et de professionnalisme.<\/li>\n<\/ul>\n<\/li>\n<\/ul>\n","protected":false},"excerpt":{"rendered":"<p>Donnez une identit\u00e9 visuelle forte \u00e0 votre marque avec un logo unique et m\u00e9morable. Notre service de cr\u00e9ation de logo professionnel, combin\u00e9 \u00e0 une animation personnalis\u00e9e, vous permet de vous d\u00e9marquer de la concurrence et de captiver votre audience.<\/p>\n","protected":false},"featured_media":3100,"comment_status":"open","ping_status":"closed","template":"","meta":{"_uag_custom_page_level_css":"","site-sidebar-layout":"default","site-content-layout":"","ast-site-content-layout":"default","site-content-style":"default","site-sidebar-style":"default","ast-global-header-display":"","ast-banner-title-visibility":"","ast-main-header-display":"","ast-hfb-above-header-display":"","ast-hfb-below-header-display":"","ast-hfb-mobile-header-display":"","site-post-title":"","ast-breadcrumbs-content":"","ast-featured-img":"","footer-sml-layout":"","ast-disable-related-posts":"","theme-transparent-header-meta":"default","adv-header-id-meta":"","stick-header-meta":"","header-above-stick-meta":"","header-main-stick-meta":"","header-below-stick-meta":"","astra-migrate-meta-layouts":"set","ast-page-background-enabled":"default","ast-page-background-meta":{"desktop":{"background-color":"var(--ast-global-color-4)","background-image":"","background-repeat":"repeat","background-position":"center center","background-size":"auto","background-attachment":"scroll","background-type":"","background-media":"","overlay-type":"","overlay-color":"","overlay-opacity":"","overlay-gradient":""},"tablet":{"background-color":"","background-image":"","background-repeat":"repeat","background-position":"center center","background-size":"auto","background-attachment":"scroll","background-type":"","background-media":"","overlay-type":"","overlay-color":"","overlay-opacity":"","overlay-gradient":""},"mobile":{"background-color":"","background-image":"","background-repeat":"repeat","background-position":"center center","background-size":"auto","background-attachment":"scroll","background-type":"","background-media":"","overlay-type":"","overlay-color":"","overlay-opacity":"","overlay-gradient":""}},"ast-content-background-meta":{"desktop":{"background-color":"var(--ast-global-color-5)","background-image":"","background-repeat":"repeat","background-position":"center center","background-size":"auto","background-attachment":"scroll","background-type":"","background-media":"","overlay-type":"","overlay-color":"","overlay-opacity":"","overlay-gradient":""},"tablet":{"background-color":"var(--ast-global-color-5)","background-image":"","background-repeat":"repeat","background-position":"center center","background-size":"auto","background-attachment":"scroll","background-type":"","background-media":"","overlay-type":"","overlay-color":"","overlay-opacity":"","overlay-gradient":""},"mobile":{"background-color":"var(--ast-global-color-5)","background-image":"","background-repeat":"repeat","background-position":"center center","background-size":"auto","background-attachment":"scroll","background-type":"","background-media":"","overlay-type":"","overlay-color":"","overlay-opacity":"","overlay-gradient":""}}},"product_brand":[],"product_cat":[30],"product_tag":[],"class_list":{"0":"post-2996","1":"product","2":"type-product","3":"status-publish","4":"has-post-thumbnail","6":"product_cat-web-services","7":"desktop-align-left","8":"tablet-align-left","9":"mobile-align-left","11":"first","12":"instock","13":"taxable","14":"shipping-taxable","15":"purchasable","16":"product-type-simple"},"aioseo_notices":[],"uagb_featured_image_src":{"full":["https:\/\/www.mc2020.net\/shop\/wp-content\/uploads\/2025\/01\/logo.jpg",802,500,false],"thumbnail":["https:\/\/www.mc2020.net\/shop\/wp-content\/uploads\/2025\/01\/logo-150x150.jpg",150,150,true],"medium":["https:\/\/www.mc2020.net\/shop\/wp-content\/uploads\/2025\/01\/logo-300x187.jpg",300,187,true],"medium_large":["https:\/\/www.mc2020.net\/shop\/wp-content\/uploads\/2025\/01\/logo-768x479.jpg",768,479,true],"large":["https:\/\/www.mc2020.net\/shop\/wp-content\/uploads\/2025\/01\/logo.jpg",802,500,false],"1536x1536":["https:\/\/www.mc2020.net\/shop\/wp-content\/uploads\/2025\/01\/logo.jpg",802,500,false],"2048x2048":["https:\/\/www.mc2020.net\/shop\/wp-content\/uploads\/2025\/01\/logo.jpg",802,500,false],"woocommerce_thumbnail":["https:\/\/www.mc2020.net\/shop\/wp-content\/uploads\/2025\/01\/logo-300x300.jpg",300,300,true],"woocommerce_single":["https:\/\/www.mc2020.net\/shop\/wp-content\/uploads\/2025\/01\/logo-600x374.jpg",600,374,true],"woocommerce_gallery_thumbnail":["https:\/\/www.mc2020.net\/shop\/wp-content\/uploads\/2025\/01\/logo-100x100.jpg",100,100,true]},"uagb_author_info":{"display_name":"kawtar Marjoub","author_link":"https:\/\/www.mc2020.net\/shop\/author\/"},"uagb_comment_info":0,"uagb_excerpt":"Donnez une identit\u00e9 visuelle forte \u00e0 votre marque avec un logo unique et m\u00e9morable. Notre service de cr\u00e9ation de logo professionnel, combin\u00e9 \u00e0 une animation personnalis\u00e9e, vous permet de vous d\u00e9marquer de la concurrence et de captiver votre audience.","_links":{"self":[{"href":"https:\/\/www.mc2020.net\/shop\/wp-json\/wp\/v2\/product\/2996","targetHints":{"allow":["GET"]}}],"collection":[{"href":"https:\/\/www.mc2020.net\/shop\/wp-json\/wp\/v2\/product"}],"about":[{"href":"https:\/\/www.mc2020.net\/shop\/wp-json\/wp\/v2\/types\/product"}],"replies":[{"embeddable":true,"href":"https:\/\/www.mc2020.net\/shop\/wp-json\/wp\/v2\/comments?post=2996"}],"wp:featuredmedia":[{"embeddable":true,"href":"https:\/\/www.mc2020.net\/shop\/wp-json\/wp\/v2\/media\/3100"}],"wp:attachment":[{"href":"https:\/\/www.mc2020.net\/shop\/wp-json\/wp\/v2\/media?parent=2996"}],"wp:term":[{"taxonomy":"product_brand","embeddable":true,"href":"https:\/\/www.mc2020.net\/shop\/wp-json\/wp\/v2\/product_brand?post=2996"},{"taxonomy":"product_cat","embeddable":true,"href":"https:\/\/www.mc2020.net\/shop\/wp-json\/wp\/v2\/product_cat?post=2996"},{"taxonomy":"product_tag","embeddable":true,"href":"https:\/\/www.mc2020.net\/shop\/wp-json\/wp\/v2\/product_tag?post=2996"}],"curies":[{"name":"wp","href":"https:\/\/api.w.org\/{rel}","templated":true}]}}