{"id":2994,"date":"2025-02-01T21:00:46","date_gmt":"2025-02-01T20:00:46","guid":{"rendered":"https:\/\/www.mc2020.net\/shop\/?post_type=product&#038;p=2994"},"modified":"2025-02-04T18:38:24","modified_gmt":"2025-02-04T17:38:24","slug":"creation-des-pages-pros-sur-reseaux-sociaux","status":"publish","type":"product","link":"https:\/\/www.mc2020.net\/shop\/produit\/creation-des-pages-pros-sur-reseaux-sociaux\/","title":{"rendered":"Cr\u00e9ation des pages pros sur r\u00e9seaux sociaux"},"content":{"rendered":"<p data-sourcepos=\"5:1-5:272\">La cr\u00e9ation de pages professionnelles sur les r\u00e9seaux sociaux englobe la mise en place et l&rsquo;optimisation de profils d\u00e9di\u00e9s \u00e0 une entreprise ou une marque sur diff\u00e9rentes plateformes telles que Facebook, Instagram, Twitter, LinkedIn, etc. Ce service comprend g\u00e9n\u00e9ralement :<\/p>\n<ul data-sourcepos=\"7:1-11:0\">\n<li data-sourcepos=\"7:1-7:232\"><strong>Cr\u00e9ation des profils :<\/strong> Configuration des informations de base de l&rsquo;entreprise (nom, logo, description, coordonn\u00e9es, etc.) et cr\u00e9ation des pages sur les r\u00e9seaux sociaux pertinents en fonction de l&rsquo;activit\u00e9 et du public cible.<\/li>\n<li data-sourcepos=\"8:1-8:204\"><strong>Personnalisation graphique :<\/strong> Conception et int\u00e9gration d&rsquo;\u00e9l\u00e9ments visuels attractifs et professionnels (photo de profil, image de couverture, etc.) en accord avec l&rsquo;identit\u00e9 visuelle de la marque.<\/li>\n<li data-sourcepos=\"9:1-9:207\"><strong>Optimisation du contenu :<\/strong> D\u00e9finition d&rsquo;une strat\u00e9gie de contenu adapt\u00e9e \u00e0 chaque plateforme et cr\u00e9ation de publications engageantes et pertinentes pour le public cible (textes, images, vid\u00e9os, etc.).<\/li>\n<li data-sourcepos=\"10:1-11:0\"><strong>Configuration des fonctionnalit\u00e9s :<\/strong> Activation des fonctionnalit\u00e9s sp\u00e9cifiques aux pages professionnelles (boutons d&rsquo;appel \u00e0 l&rsquo;action, onglets de services, statistiques, etc.) pour optimiser l&rsquo;interaction avec les utilisateurs.<\/li>\n<\/ul>\n","protected":false},"excerpt":{"rendered":"<p>La cr\u00e9ation de pages professionnelles sur les r\u00e9seaux sociaux englobe la mise en place et l&rsquo;optimisation de profils d\u00e9di\u00e9s \u00e0 une entreprise ou une marque sur diff\u00e9rentes plateformes telles que Facebook, Instagram, Twitter, LinkedIn, etc<\/p>\n","protected":false},"featured_media":3043,"comment_status":"closed","ping_status":"closed","template":"","meta":{"_uag_custom_page_level_css":"","site-sidebar-layout":"default","site-content-layout":"","ast-site-content-layout":"default","site-content-style":"default","site-sidebar-style":"default","ast-global-header-display":"","ast-banner-title-visibility":"","ast-main-header-display":"","ast-hfb-above-header-display":"","ast-hfb-below-header-display":"","ast-hfb-mobile-header-display":"","site-post-title":"","ast-breadcrumbs-content":"","ast-featured-img":"","footer-sml-layout":"","ast-disable-related-posts":"","theme-transparent-header-meta":"default","adv-header-id-meta":"","stick-header-meta":"","header-above-stick-meta":"","header-main-stick-meta":"","header-below-stick-meta":"","astra-migrate-meta-layouts":"set","ast-page-background-enabled":"default","ast-page-background-meta":{"desktop":{"background-color":"var(--ast-global-color-4)","background-image":"","background-repeat":"repeat","background-position":"center center","background-size":"auto","background-attachment":"scroll","background-type":"","background-media":"","overlay-type":"","overlay-color":"","overlay-opacity":"","overlay-gradient":""},"tablet":{"background-color":"","background-image":"","background-repeat":"repeat","background-position":"center center","background-size":"auto","background-attachment":"scroll","background-type":"","background-media":"","overlay-type":"","overlay-color":"","overlay-opacity":"","overlay-gradient":""},"mobile":{"background-color":"","background-image":"","background-repeat":"repeat","background-position":"center center","background-size":"auto","background-attachment":"scroll","background-type":"","background-media":"","overlay-type":"","overlay-color":"","overlay-opacity":"","overlay-gradient":""}},"ast-content-background-meta":{"desktop":{"background-color":"var(--ast-global-color-5)","background-image":"","background-repeat":"repeat","background-position":"center center","background-size":"auto","background-attachment":"scroll","background-type":"","background-media":"","overlay-type":"","overlay-color":"","overlay-opacity":"","overlay-gradient":""},"tablet":{"background-color":"var(--ast-global-color-5)","background-image":"","background-repeat":"repeat","background-position":"center center","background-size":"auto","background-attachment":"scroll","background-type":"","background-media":"","overlay-type":"","overlay-color":"","overlay-opacity":"","overlay-gradient":""},"mobile":{"background-color":"var(--ast-global-color-5)","background-image":"","background-repeat":"repeat","background-position":"center center","background-size":"auto","background-attachment":"scroll","background-type":"","background-media":"","overlay-type":"","overlay-color":"","overlay-opacity":"","overlay-gradient":""}}},"product_brand":[],"product_cat":[30],"product_tag":[],"class_list":{"0":"post-2994","1":"product","2":"type-product","3":"status-publish","4":"has-post-thumbnail","6":"product_cat-web-services","7":"desktop-align-left","8":"tablet-align-left","9":"mobile-align-left","11":"first","12":"instock","13":"taxable","14":"shipping-taxable","15":"purchasable","16":"product-type-simple"},"aioseo_notices":[],"uagb_featured_image_src":{"full":["https:\/\/www.mc2020.net\/shop\/wp-content\/uploads\/2025\/01\/reseau-sociaux.jpg",1080,1080,false],"thumbnail":["https:\/\/www.mc2020.net\/shop\/wp-content\/uploads\/2025\/01\/reseau-sociaux-150x150.jpg",150,150,true],"medium":["https:\/\/www.mc2020.net\/shop\/wp-content\/uploads\/2025\/01\/reseau-sociaux-300x300.jpg",300,300,true],"medium_large":["https:\/\/www.mc2020.net\/shop\/wp-content\/uploads\/2025\/01\/reseau-sociaux-768x768.jpg",768,768,true],"large":["https:\/\/www.mc2020.net\/shop\/wp-content\/uploads\/2025\/01\/reseau-sociaux-1024x1024.jpg",1024,1024,true],"1536x1536":["https:\/\/www.mc2020.net\/shop\/wp-content\/uploads\/2025\/01\/reseau-sociaux.jpg",1080,1080,false],"2048x2048":["https:\/\/www.mc2020.net\/shop\/wp-content\/uploads\/2025\/01\/reseau-sociaux.jpg",1080,1080,false],"woocommerce_thumbnail":["https:\/\/www.mc2020.net\/shop\/wp-content\/uploads\/2025\/01\/reseau-sociaux-300x300.jpg",300,300,true],"woocommerce_single":["https:\/\/www.mc2020.net\/shop\/wp-content\/uploads\/2025\/01\/reseau-sociaux-600x600.jpg",600,600,true],"woocommerce_gallery_thumbnail":["https:\/\/www.mc2020.net\/shop\/wp-content\/uploads\/2025\/01\/reseau-sociaux-100x100.jpg",100,100,true]},"uagb_author_info":{"display_name":"kawtar Marjoub","author_link":"https:\/\/www.mc2020.net\/shop\/author\/"},"uagb_comment_info":0,"uagb_excerpt":"La cr\u00e9ation de pages professionnelles sur les r\u00e9seaux sociaux englobe la mise en place et l'optimisation de profils d\u00e9di\u00e9s \u00e0 une entreprise ou une marque sur diff\u00e9rentes plateformes telles que Facebook, Instagram, Twitter, LinkedIn, etc","_links":{"self":[{"href":"https:\/\/www.mc2020.net\/shop\/wp-json\/wp\/v2\/product\/2994","targetHints":{"allow":["GET"]}}],"collection":[{"href":"https:\/\/www.mc2020.net\/shop\/wp-json\/wp\/v2\/product"}],"about":[{"href":"https:\/\/www.mc2020.net\/shop\/wp-json\/wp\/v2\/types\/product"}],"replies":[{"embeddable":true,"href":"https:\/\/www.mc2020.net\/shop\/wp-json\/wp\/v2\/comments?post=2994"}],"wp:featuredmedia":[{"embeddable":true,"href":"https:\/\/www.mc2020.net\/shop\/wp-json\/wp\/v2\/media\/3043"}],"wp:attachment":[{"href":"https:\/\/www.mc2020.net\/shop\/wp-json\/wp\/v2\/media?parent=2994"}],"wp:term":[{"taxonomy":"product_brand","embeddable":true,"href":"https:\/\/www.mc2020.net\/shop\/wp-json\/wp\/v2\/product_brand?post=2994"},{"taxonomy":"product_cat","embeddable":true,"href":"https:\/\/www.mc2020.net\/shop\/wp-json\/wp\/v2\/product_cat?post=2994"},{"taxonomy":"product_tag","embeddable":true,"href":"https:\/\/www.mc2020.net\/shop\/wp-json\/wp\/v2\/product_tag?post=2994"}],"curies":[{"name":"wp","href":"https:\/\/api.w.org\/{rel}","templated":true}]}}