{"id":2993,"date":"2025-01-30T11:09:17","date_gmt":"2025-01-30T10:09:17","guid":{"rendered":"https:\/\/www.mc2020.net\/shop\/?post_type=product&#038;p=2993"},"modified":"2025-02-07T11:09:40","modified_gmt":"2025-02-07T10:09:40","slug":"creation-de-compagne-publicitaire-facebook-ads","status":"publish","type":"product","link":"https:\/\/www.mc2020.net\/shop\/produit\/creation-de-compagne-publicitaire-facebook-ads\/","title":{"rendered":"Cr\u00e9ation de compagne publicitaire Facebook Ads"},"content":{"rendered":"<p data-sourcepos=\"9:1-9:66\">Comprend les \u00e9l\u00e9ments suivants :<\/p>\n<ul data-sourcepos=\"11:1-17:0\">\n<li data-sourcepos=\"11:1-11:212\"><strong>Objectif de la campagne:<\/strong> Vous devez d\u00e9finir l&rsquo;objectif principal de votre campagne (ex: notori\u00e9t\u00e9 de la marque, augmentation du trafic vers votre site web, g\u00e9n\u00e9ration de prospects, ventes en ligne, etc.).<\/li>\n<li data-sourcepos=\"12:1-12:184\"><strong>Public cible:<\/strong> Vous d\u00e9terminez qui vous souhaitez atteindre avec vos publicit\u00e9s en utilisant les options de ciblage de Facebook (\u00e2ge, sexe, lieu, int\u00e9r\u00eats, comportements, etc.).<\/li>\n<li data-sourcepos=\"13:1-13:175\"><strong>Budget et calendrier:<\/strong> Vous d\u00e9finissez le montant que vous \u00eates pr\u00eat \u00e0 d\u00e9penser pour votre campagne et la dur\u00e9e pendant laquelle vous souhaitez diffuser vos publicit\u00e9s.<\/li>\n<li data-sourcepos=\"14:1-14:290\"><strong>Cr\u00e9ation des publicit\u00e9s:<\/strong> Vous cr\u00e9ez les publicit\u00e9s elles-m\u00eames, qui peuvent contenir du texte, des images, des vid\u00e9os ou des carrousels. Vous devez \u00e9galement r\u00e9diger un texte accrocheur et inclure un appel \u00e0 l&rsquo;action clair (ex: \u00ab\u00a0Acheter maintenant\u00a0\u00bb, \u00ab\u00a0En savoir plus\u00a0\u00bb, \u00ab\u00a0S&rsquo;inscrire\u00a0\u00bb).<\/li>\n<li data-sourcepos=\"15:1-15:156\"><strong>Placement des publicit\u00e9s:<\/strong> Vous choisissez o\u00f9 vous souhaitez que vos publicit\u00e9s apparaissent (ex: fil d&rsquo;actualit\u00e9, stories, colonne de droite, etc.).<\/li>\n<li data-sourcepos=\"16:1-17:0\"><strong>Suivi et optimisation:<\/strong> Une fois votre campagne lanc\u00e9e, vous devez suivre les performances de vos publicit\u00e9s et les optimiser en fonction des r\u00e9sultats obtenus (ex: ajustement du ciblage, modification des cr\u00e9ations publicitaires, etc.).<\/li>\n<\/ul>\n","protected":false},"excerpt":{"rendered":"<p>Une campagne publicitaire Facebook Ads est un outil puissant pour atteindre votre public cible et promouvoir votre entreprise ou vos produits\/services.<\/p>\n<p>c&rsquo;est une s\u00e9rie de publicit\u00e9s que vous cr\u00e9ez et diffusez sur la plateforme Facebook (et Instagram, qui appartient \u00e0 Meta, la soci\u00e9t\u00e9 m\u00e8re de Facebook).<\/p>\n<p>L&rsquo;objectif est d&rsquo;atteindre un public sp\u00e9cifique en fonction de crit\u00e8res d\u00e9mographiques, g\u00e9ographiques, d&rsquo;int\u00e9r\u00eats et de comportements.<\/p>\n","protected":false},"featured_media":3054,"comment_status":"open","ping_status":"closed","template":"","meta":{"_uag_custom_page_level_css":"","site-sidebar-layout":"default","site-content-layout":"","ast-site-content-layout":"default","site-content-style":"default","site-sidebar-style":"default","ast-global-header-display":"","ast-banner-title-visibility":"","ast-main-header-display":"","ast-hfb-above-header-display":"","ast-hfb-below-header-display":"","ast-hfb-mobile-header-display":"","site-post-title":"","ast-breadcrumbs-content":"","ast-featured-img":"","footer-sml-layout":"","ast-disable-related-posts":"","theme-transparent-header-meta":"default","adv-header-id-meta":"","stick-header-meta":"","header-above-stick-meta":"","header-main-stick-meta":"","header-below-stick-meta":"","astra-migrate-meta-layouts":"set","ast-page-background-enabled":"default","ast-page-background-meta":{"desktop":{"background-color":"var(--ast-global-color-4)","background-image":"","background-repeat":"repeat","background-position":"center center","background-size":"auto","background-attachment":"scroll","background-type":"","background-media":"","overlay-type":"","overlay-color":"","overlay-opacity":"","overlay-gradient":""},"tablet":{"background-color":"","background-image":"","background-repeat":"repeat","background-position":"center center","background-size":"auto","background-attachment":"scroll","background-type":"","background-media":"","overlay-type":"","overlay-color":"","overlay-opacity":"","overlay-gradient":""},"mobile":{"background-color":"","background-image":"","background-repeat":"repeat","background-position":"center center","background-size":"auto","background-attachment":"scroll","background-type":"","background-media":"","overlay-type":"","overlay-color":"","overlay-opacity":"","overlay-gradient":""}},"ast-content-background-meta":{"desktop":{"background-color":"var(--ast-global-color-5)","background-image":"","background-repeat":"repeat","background-position":"center center","background-size":"auto","background-attachment":"scroll","background-type":"","background-media":"","overlay-type":"","overlay-color":"","overlay-opacity":"","overlay-gradient":""},"tablet":{"background-color":"var(--ast-global-color-5)","background-image":"","background-repeat":"repeat","background-position":"center center","background-size":"auto","background-attachment":"scroll","background-type":"","background-media":"","overlay-type":"","overlay-color":"","overlay-opacity":"","overlay-gradient":""},"mobile":{"background-color":"var(--ast-global-color-5)","background-image":"","background-repeat":"repeat","background-position":"center center","background-size":"auto","background-attachment":"scroll","background-type":"","background-media":"","overlay-type":"","overlay-color":"","overlay-opacity":"","overlay-gradient":""}}},"product_brand":[],"product_cat":[30],"product_tag":[],"class_list":{"0":"post-2993","1":"product","2":"type-product","3":"status-publish","4":"has-post-thumbnail","6":"product_cat-web-services","7":"desktop-align-left","8":"tablet-align-left","9":"mobile-align-left","11":"first","12":"instock","13":"taxable","14":"shipping-taxable","15":"purchasable","16":"product-type-simple"},"aioseo_notices":[],"uagb_featured_image_src":{"full":["https:\/\/www.mc2020.net\/shop\/wp-content\/uploads\/2025\/01\/Creation-de-vos-pages-reseaux-sociaux.jpg",1500,1500,false],"thumbnail":["https:\/\/www.mc2020.net\/shop\/wp-content\/uploads\/2025\/01\/Creation-de-vos-pages-reseaux-sociaux-150x150.jpg",150,150,true],"medium":["https:\/\/www.mc2020.net\/shop\/wp-content\/uploads\/2025\/01\/Creation-de-vos-pages-reseaux-sociaux-300x300.jpg",300,300,true],"medium_large":["https:\/\/www.mc2020.net\/shop\/wp-content\/uploads\/2025\/01\/Creation-de-vos-pages-reseaux-sociaux-768x768.jpg",768,768,true],"large":["https:\/\/www.mc2020.net\/shop\/wp-content\/uploads\/2025\/01\/Creation-de-vos-pages-reseaux-sociaux-1024x1024.jpg",1024,1024,true],"1536x1536":["https:\/\/www.mc2020.net\/shop\/wp-content\/uploads\/2025\/01\/Creation-de-vos-pages-reseaux-sociaux.jpg",1500,1500,false],"2048x2048":["https:\/\/www.mc2020.net\/shop\/wp-content\/uploads\/2025\/01\/Creation-de-vos-pages-reseaux-sociaux.jpg",1500,1500,false],"woocommerce_thumbnail":["https:\/\/www.mc2020.net\/shop\/wp-content\/uploads\/2025\/01\/Creation-de-vos-pages-reseaux-sociaux-300x300.jpg",300,300,true],"woocommerce_single":["https:\/\/www.mc2020.net\/shop\/wp-content\/uploads\/2025\/01\/Creation-de-vos-pages-reseaux-sociaux-600x600.jpg",600,600,true],"woocommerce_gallery_thumbnail":["https:\/\/www.mc2020.net\/shop\/wp-content\/uploads\/2025\/01\/Creation-de-vos-pages-reseaux-sociaux-100x100.jpg",100,100,true]},"uagb_author_info":{"display_name":"kawtar Marjoub","author_link":"https:\/\/www.mc2020.net\/shop\/author\/"},"uagb_comment_info":0,"uagb_excerpt":"Une campagne publicitaire Facebook Ads est un outil puissant pour atteindre votre public cible et promouvoir votre entreprise ou vos produits\/services. c'est une s\u00e9rie de publicit\u00e9s que vous cr\u00e9ez et diffusez sur la plateforme Facebook (et Instagram, qui appartient \u00e0 Meta, la soci\u00e9t\u00e9 m\u00e8re de Facebook). L'objectif est d'atteindre un public sp\u00e9cifique en fonction de\u2026","_links":{"self":[{"href":"https:\/\/www.mc2020.net\/shop\/wp-json\/wp\/v2\/product\/2993","targetHints":{"allow":["GET"]}}],"collection":[{"href":"https:\/\/www.mc2020.net\/shop\/wp-json\/wp\/v2\/product"}],"about":[{"href":"https:\/\/www.mc2020.net\/shop\/wp-json\/wp\/v2\/types\/product"}],"replies":[{"embeddable":true,"href":"https:\/\/www.mc2020.net\/shop\/wp-json\/wp\/v2\/comments?post=2993"}],"wp:featuredmedia":[{"embeddable":true,"href":"https:\/\/www.mc2020.net\/shop\/wp-json\/wp\/v2\/media\/3054"}],"wp:attachment":[{"href":"https:\/\/www.mc2020.net\/shop\/wp-json\/wp\/v2\/media?parent=2993"}],"wp:term":[{"taxonomy":"product_brand","embeddable":true,"href":"https:\/\/www.mc2020.net\/shop\/wp-json\/wp\/v2\/product_brand?post=2993"},{"taxonomy":"product_cat","embeddable":true,"href":"https:\/\/www.mc2020.net\/shop\/wp-json\/wp\/v2\/product_cat?post=2993"},{"taxonomy":"product_tag","embeddable":true,"href":"https:\/\/www.mc2020.net\/shop\/wp-json\/wp\/v2\/product_tag?post=2993"}],"curies":[{"name":"wp","href":"https:\/\/api.w.org\/{rel}","templated":true}]}}