{"id":2986,"date":"2025-01-30T10:57:14","date_gmt":"2025-01-30T09:57:14","guid":{"rendered":"https:\/\/www.mc2020.net\/shop\/?post_type=product&#038;p=2986"},"modified":"2025-05-08T10:49:36","modified_gmt":"2025-05-08T09:49:36","slug":"creation-de-banniere-publicitaire-sur-mesure","status":"publish","type":"product","link":"https:\/\/www.mc2020.net\/shop\/produit\/creation-de-banniere-publicitaire-sur-mesure\/","title":{"rendered":"Cr\u00e9ation de banni\u00e8re publicitaire sur mesure"},"content":{"rendered":"<p>Vous cherchez une banni\u00e8re publicitaire qui corresponde parfaitement \u00e0 vos besoins et \u00e0 votre image de marque ? Notre \u00e9quipe de designers experts r\u00e9alise des cr\u00e9ations sur mesure, en tenant compte de vos objectifs, de votre public cible et de vos pr\u00e9f\u00e9rences esth\u00e9tiques. Obtenez une banni\u00e8re qui fait la diff\u00e9rence<\/p>\n","protected":false},"excerpt":{"rendered":"<p>Vous cherchez une banni\u00e8re publicitaire qui corresponde parfaitement \u00e0 vos besoins et \u00e0 votre image de marque ? Notre \u00e9quipe de designers experts r\u00e9alise des cr\u00e9ations sur mesure, en tenant compte de vos objectifs, de votre public cible et de vos pr\u00e9f\u00e9rences esth\u00e9tiques. Obtenez une banni\u00e8re qui fait la diff\u00e9rence<\/p>\n","protected":false},"featured_media":0,"comment_status":"open","ping_status":"closed","template":"","meta":{"_uag_custom_page_level_css":"","site-sidebar-layout":"default","site-content-layout":"","ast-site-content-layout":"default","site-content-style":"default","site-sidebar-style":"default","ast-global-header-display":"","ast-banner-title-visibility":"","ast-main-header-display":"","ast-hfb-above-header-display":"","ast-hfb-below-header-display":"","ast-hfb-mobile-header-display":"","site-post-title":"","ast-breadcrumbs-content":"","ast-featured-img":"","footer-sml-layout":"","ast-disable-related-posts":"","theme-transparent-header-meta":"default","adv-header-id-meta":"","stick-header-meta":"","header-above-stick-meta":"","header-main-stick-meta":"","header-below-stick-meta":"","astra-migrate-meta-layouts":"set","ast-page-background-enabled":"default","ast-page-background-meta":{"desktop":{"background-color":"var(--ast-global-color-4)","background-image":"","background-repeat":"repeat","background-position":"center center","background-size":"auto","background-attachment":"scroll","background-type":"","background-media":"","overlay-type":"","overlay-color":"","overlay-opacity":"","overlay-gradient":""},"tablet":{"background-color":"","background-image":"","background-repeat":"repeat","background-position":"center center","background-size":"auto","background-attachment":"scroll","background-type":"","background-media":"","overlay-type":"","overlay-color":"","overlay-opacity":"","overlay-gradient":""},"mobile":{"background-color":"","background-image":"","background-repeat":"repeat","background-position":"center center","background-size":"auto","background-attachment":"scroll","background-type":"","background-media":"","overlay-type":"","overlay-color":"","overlay-opacity":"","overlay-gradient":""}},"ast-content-background-meta":{"desktop":{"background-color":"var(--ast-global-color-5)","background-image":"","background-repeat":"repeat","background-position":"center center","background-size":"auto","background-attachment":"scroll","background-type":"","background-media":"","overlay-type":"","overlay-color":"","overlay-opacity":"","overlay-gradient":""},"tablet":{"background-color":"var(--ast-global-color-5)","background-image":"","background-repeat":"repeat","background-position":"center center","background-size":"auto","background-attachment":"scroll","background-type":"","background-media":"","overlay-type":"","overlay-color":"","overlay-opacity":"","overlay-gradient":""},"mobile":{"background-color":"var(--ast-global-color-5)","background-image":"","background-repeat":"repeat","background-position":"center center","background-size":"auto","background-attachment":"scroll","background-type":"","background-media":"","overlay-type":"","overlay-color":"","overlay-opacity":"","overlay-gradient":""}}},"product_brand":[],"product_cat":[30],"product_tag":[],"class_list":{"0":"post-2986","1":"product","2":"type-product","3":"status-publish","5":"product_cat-web-services","6":"desktop-align-left","7":"tablet-align-left","8":"mobile-align-left","10":"first","11":"instock","12":"taxable","13":"shipping-taxable","14":"purchasable","15":"product-type-simple"},"aioseo_notices":[],"uagb_featured_image_src":{"full":false,"thumbnail":false,"medium":false,"medium_large":false,"large":false,"1536x1536":false,"2048x2048":false,"woocommerce_thumbnail":false,"woocommerce_single":false,"woocommerce_gallery_thumbnail":false},"uagb_author_info":{"display_name":"Adil OUBNALI","author_link":"https:\/\/www.mc2020.net\/shop\/author\/"},"uagb_comment_info":0,"uagb_excerpt":"Vous cherchez une banni\u00e8re publicitaire qui corresponde parfaitement \u00e0 vos besoins et \u00e0 votre image de marque ? Notre \u00e9quipe de designers experts r\u00e9alise des cr\u00e9ations sur mesure, en tenant compte de vos objectifs, de votre public cible et de vos pr\u00e9f\u00e9rences esth\u00e9tiques. Obtenez une banni\u00e8re qui fait la diff\u00e9rence","_links":{"self":[{"href":"https:\/\/www.mc2020.net\/shop\/wp-json\/wp\/v2\/product\/2986","targetHints":{"allow":["GET"]}}],"collection":[{"href":"https:\/\/www.mc2020.net\/shop\/wp-json\/wp\/v2\/product"}],"about":[{"href":"https:\/\/www.mc2020.net\/shop\/wp-json\/wp\/v2\/types\/product"}],"replies":[{"embeddable":true,"href":"https:\/\/www.mc2020.net\/shop\/wp-json\/wp\/v2\/comments?post=2986"}],"wp:attachment":[{"href":"https:\/\/www.mc2020.net\/shop\/wp-json\/wp\/v2\/media?parent=2986"}],"wp:term":[{"taxonomy":"product_brand","embeddable":true,"href":"https:\/\/www.mc2020.net\/shop\/wp-json\/wp\/v2\/product_brand?post=2986"},{"taxonomy":"product_cat","embeddable":true,"href":"https:\/\/www.mc2020.net\/shop\/wp-json\/wp\/v2\/product_cat?post=2986"},{"taxonomy":"product_tag","embeddable":true,"href":"https:\/\/www.mc2020.net\/shop\/wp-json\/wp\/v2\/product_tag?post=2986"}],"curies":[{"name":"wp","href":"https:\/\/api.w.org\/{rel}","templated":true}]}}