{"id":2984,"date":"2025-02-01T22:00:38","date_gmt":"2025-02-01T21:00:38","guid":{"rendered":"https:\/\/www.mc2020.net\/shop\/?post_type=product&#038;p=2984"},"modified":"2025-05-29T14:28:25","modified_gmt":"2025-05-29T13:28:25","slug":"creation-site-e-commerce","status":"publish","type":"product","link":"https:\/\/www.mc2020.net\/shop\/produit\/creation-site-e-commerce\/","title":{"rendered":"Cr\u00e9ation site e-commerce cl\u00e9 en main"},"content":{"rendered":"<p data-sourcepos=\"13:1-13:69\"><strong>Pourquoi choisir notre service de Cr\u00e9ation site E-commerce ?<\/strong><\/p>\n<ul data-sourcepos=\"15:1-21:0\">\n<li data-sourcepos=\"15:1-15:188\"><strong>Boutique en ligne personnalis\u00e9e :<\/strong> Nous construisons ensemble une boutique unique, \u00e0 l&rsquo;image de votre marque, avec une arborescence claire et une recherche intuitive pour vos clients.<\/li>\n<li data-sourcepos=\"16:1-16:152\"><strong>Gestion simplifi\u00e9e :<\/strong> G\u00e9rez facilement vos stocks, promotions, commandes et factures gr\u00e2ce \u00e0 une interface d&rsquo;administration intuitive et s\u00e9curis\u00e9e.<\/li>\n<li data-sourcepos=\"17:1-17:117\"><strong>Paiement s\u00e9curis\u00e9 et panier d&rsquo;achat :<\/strong> Offrez \u00e0 vos clients une exp\u00e9rience d&rsquo;achat en ligne fluide et s\u00e9curis\u00e9e.<\/li>\n<li data-sourcepos=\"18:1-18:153\"><strong>Visibilit\u00e9 accrue :<\/strong> B\u00e9n\u00e9ficiez d&rsquo;un r\u00e9f\u00e9rencement optimis\u00e9 pour Google (Google Ready) afin d&rsquo;attirer plus de visiteurs et de d\u00e9velopper vos ventes.<\/li>\n<li data-sourcepos=\"19:1-19:167\"><strong>Accompagnement par des experts :<\/strong> Notre \u00e9quipe de strat\u00e8ges, graphistes, d\u00e9veloppeurs SEO et webmasters passionn\u00e9s vous accompagne \u00e0 chaque \u00e9tape de votre projet.<\/li>\n<li data-sourcepos=\"20:1-21:0\"><strong>Qualit\u00e9 et fiabilit\u00e9 :<\/strong> Profitez d&rsquo;un service de qualit\u00e9, con\u00e7u pour r\u00e9pondre \u00e0 vos besoins et vous aider \u00e0 r\u00e9ussir dans le monde du e-commerce.<\/li>\n<\/ul>\n<p data-sourcepos=\"22:1-22:39\"><strong>Tarifs comp\u00e9titifs et transparents.<\/strong><\/p>\n<p data-sourcepos=\"24:1-24:115\">D\u00e9couvrez nos offres \u00e0 partir de 9990 dh<\/p>\n<p data-sourcepos=\"26:1-26:43\"><strong>Pr\u00eat \u00e0 vous lancer dans le e-commerce ?<\/strong><\/p>\n<p data-sourcepos=\"28:1-28:153\"><a href=\"https:\/\/www.mc2020.net\/creation-de-sites-seo-et-marketing-numerique\/\" target=\"_blank\" rel=\"nofollow noopener\">Demandez votre devis gratuit d\u00e8s maintenant<\/a> !\u00a0 ou\u00a0 <a title=\"Contact\" href=\"https:\/\/www.mc2020.net\/shop\/contact\/\">Contactez-nous<\/a> pour discuter de votre projet.<\/p>\n<p data-sourcepos=\"28:1-28:153\"><img loading=\"lazy\" decoding=\"async\" class=\"alignnone size-medium wp-image-2970\" src=\"https:\/\/www.mc2020.net\/shop\/wp-content\/uploads\/2025\/01\/mc2020-1200-x-120-px-300x30.png\" alt=\"\" width=\"300\" height=\"30\" srcset=\"https:\/\/www.mc2020.net\/shop\/wp-content\/uploads\/2025\/01\/mc2020-1200-x-120-px-300x30.png 300w, https:\/\/www.mc2020.net\/shop\/wp-content\/uploads\/2025\/01\/mc2020-1200-x-120-px-1024x102.png 1024w, https:\/\/www.mc2020.net\/shop\/wp-content\/uploads\/2025\/01\/mc2020-1200-x-120-px-768x77.png 768w, https:\/\/www.mc2020.net\/shop\/wp-content\/uploads\/2025\/01\/mc2020-1200-x-120-px-600x60.png 600w, https:\/\/www.mc2020.net\/shop\/wp-content\/uploads\/2025\/01\/mc2020-1200-x-120-px.png 1200w\" sizes=\"auto, (max-width: 300px) 100vw, 300px\" \/><\/p>\n","protected":false},"excerpt":{"rendered":"<p data-sourcepos=\"7:1-7:65\"><strong>Lancez Votre Boutique en Ligne et D\u00e9veloppez Votre Business !<\/strong><\/p>\n<p data-sourcepos=\"9:1-9:134\">Vous r\u00eavez de vendre vos produits en ligne, 24h\/24 et 7j\/7 ? Vous souhaitez augmenter votre notori\u00e9t\u00e9 et toucher de nouveaux clients ?<\/p>\n<p data-sourcepos=\"11:1-11:154\">Notre agence vous propose des solutions e-commerce compl\u00e8tes et cl\u00e9s en main pour cr\u00e9er la boutique en ligne qui correspond parfaitement \u00e0 votre activit\u00e9.<\/p>\n<ul class=\"packages\">\n<li>Panier d&rsquo;achat virtuel<\/li>\n<li><i class=\"fa fa-check\"><\/i>Paiement en ligne<\/li>\n<li><i class=\"fa fa-check\"><\/i>PayPal \/ carte bancaire<\/li>\n<li><i class=\"fa fa-check\"><\/i>Compte client<\/li>\n<li><i class=\"fa fa-check\"><\/i>Gestion de profil<\/li>\n<li><i class=\"fa fa-check\"><\/i>Gestion des commandes<\/li>\n<li>Gestion de stock jusqu&rsquo;au 20produits inclus<\/li>\n<li><strong>En option :<\/strong>\n<ul class=\"packages\">\n<li><i class=\"fa fa-check\"><\/i>Gestion des deals<\/li>\n<li><i class=\"fa fa-check\"><\/i>Gestion des promotions<i class=\"fa fa-check\"><\/i><\/li>\n<li><i class=\"fa fa-check\"><\/i>Gestion des factures<\/li>\n<\/ul>\n<\/li>\n<\/ul>\n","protected":false},"featured_media":3022,"comment_status":"closed","ping_status":"closed","template":"","meta":{"_uag_custom_page_level_css":"","site-sidebar-layout":"default","site-content-layout":"","ast-site-content-layout":"default","site-content-style":"default","site-sidebar-style":"default","ast-global-header-display":"","ast-banner-title-visibility":"","ast-main-header-display":"","ast-hfb-above-header-display":"","ast-hfb-below-header-display":"","ast-hfb-mobile-header-display":"","site-post-title":"","ast-breadcrumbs-content":"","ast-featured-img":"","footer-sml-layout":"","ast-disable-related-posts":"","theme-transparent-header-meta":"default","adv-header-id-meta":"","stick-header-meta":"","header-above-stick-meta":"","header-main-stick-meta":"","header-below-stick-meta":"","astra-migrate-meta-layouts":"set","ast-page-background-enabled":"default","ast-page-background-meta":{"desktop":{"background-color":"var(--ast-global-color-4)","background-image":"","background-repeat":"repeat","background-position":"center center","background-size":"auto","background-attachment":"scroll","background-type":"","background-media":"","overlay-type":"","overlay-color":"","overlay-opacity":"","overlay-gradient":""},"tablet":{"background-color":"","background-image":"","background-repeat":"repeat","background-position":"center center","background-size":"auto","background-attachment":"scroll","background-type":"","background-media":"","overlay-type":"","overlay-color":"","overlay-opacity":"","overlay-gradient":""},"mobile":{"background-color":"","background-image":"","background-repeat":"repeat","background-position":"center center","background-size":"auto","background-attachment":"scroll","background-type":"","background-media":"","overlay-type":"","overlay-color":"","overlay-opacity":"","overlay-gradient":""}},"ast-content-background-meta":{"desktop":{"background-color":"var(--ast-global-color-5)","background-image":"","background-repeat":"repeat","background-position":"center center","background-size":"auto","background-attachment":"scroll","background-type":"","background-media":"","overlay-type":"","overlay-color":"","overlay-opacity":"","overlay-gradient":""},"tablet":{"background-color":"var(--ast-global-color-5)","background-image":"","background-repeat":"repeat","background-position":"center center","background-size":"auto","background-attachment":"scroll","background-type":"","background-media":"","overlay-type":"","overlay-color":"","overlay-opacity":"","overlay-gradient":""},"mobile":{"background-color":"var(--ast-global-color-5)","background-image":"","background-repeat":"repeat","background-position":"center center","background-size":"auto","background-attachment":"scroll","background-type":"","background-media":"","overlay-type":"","overlay-color":"","overlay-opacity":"","overlay-gradient":""}}},"product_brand":[],"product_cat":[30],"product_tag":[],"class_list":{"0":"post-2984","1":"product","2":"type-product","3":"status-publish","4":"has-post-thumbnail","6":"product_cat-web-services","7":"desktop-align-left","8":"tablet-align-left","9":"mobile-align-left","11":"first","12":"instock","13":"taxable","14":"shipping-taxable","15":"purchasable","16":"product-type-simple"},"aioseo_notices":[],"uagb_featured_image_src":{"full":["https:\/\/www.mc2020.net\/shop\/wp-content\/uploads\/2025\/01\/ecommerce.jpg",1080,1080,false],"thumbnail":["https:\/\/www.mc2020.net\/shop\/wp-content\/uploads\/2025\/01\/ecommerce-150x150.jpg",150,150,true],"medium":["https:\/\/www.mc2020.net\/shop\/wp-content\/uploads\/2025\/01\/ecommerce-300x300.jpg",300,300,true],"medium_large":["https:\/\/www.mc2020.net\/shop\/wp-content\/uploads\/2025\/01\/ecommerce-768x768.jpg",768,768,true],"large":["https:\/\/www.mc2020.net\/shop\/wp-content\/uploads\/2025\/01\/ecommerce-1024x1024.jpg",1024,1024,true],"1536x1536":["https:\/\/www.mc2020.net\/shop\/wp-content\/uploads\/2025\/01\/ecommerce.jpg",1080,1080,false],"2048x2048":["https:\/\/www.mc2020.net\/shop\/wp-content\/uploads\/2025\/01\/ecommerce.jpg",1080,1080,false],"woocommerce_thumbnail":["https:\/\/www.mc2020.net\/shop\/wp-content\/uploads\/2025\/01\/ecommerce-300x300.jpg",300,300,true],"woocommerce_single":["https:\/\/www.mc2020.net\/shop\/wp-content\/uploads\/2025\/01\/ecommerce-600x600.jpg",600,600,true],"woocommerce_gallery_thumbnail":["https:\/\/www.mc2020.net\/shop\/wp-content\/uploads\/2025\/01\/ecommerce-100x100.jpg",100,100,true]},"uagb_author_info":{"display_name":"kawtar Marjoub","author_link":"https:\/\/www.mc2020.net\/shop\/author\/"},"uagb_comment_info":0,"uagb_excerpt":"Lancez Votre Boutique en Ligne et D\u00e9veloppez Votre Business ! Vous r\u00eavez de vendre vos produits en ligne, 24h\/24 et 7j\/7 ? Vous souhaitez augmenter votre notori\u00e9t\u00e9 et toucher de nouveaux clients ? Notre agence vous propose des solutions e-commerce compl\u00e8tes et cl\u00e9s en main pour cr\u00e9er la boutique en ligne qui correspond parfaitement \u00e0\u2026","_links":{"self":[{"href":"https:\/\/www.mc2020.net\/shop\/wp-json\/wp\/v2\/product\/2984","targetHints":{"allow":["GET"]}}],"collection":[{"href":"https:\/\/www.mc2020.net\/shop\/wp-json\/wp\/v2\/product"}],"about":[{"href":"https:\/\/www.mc2020.net\/shop\/wp-json\/wp\/v2\/types\/product"}],"replies":[{"embeddable":true,"href":"https:\/\/www.mc2020.net\/shop\/wp-json\/wp\/v2\/comments?post=2984"}],"wp:featuredmedia":[{"embeddable":true,"href":"https:\/\/www.mc2020.net\/shop\/wp-json\/wp\/v2\/media\/3022"}],"wp:attachment":[{"href":"https:\/\/www.mc2020.net\/shop\/wp-json\/wp\/v2\/media?parent=2984"}],"wp:term":[{"taxonomy":"product_brand","embeddable":true,"href":"https:\/\/www.mc2020.net\/shop\/wp-json\/wp\/v2\/product_brand?post=2984"},{"taxonomy":"product_cat","embeddable":true,"href":"https:\/\/www.mc2020.net\/shop\/wp-json\/wp\/v2\/product_cat?post=2984"},{"taxonomy":"product_tag","embeddable":true,"href":"https:\/\/www.mc2020.net\/shop\/wp-json\/wp\/v2\/product_tag?post=2984"}],"curies":[{"name":"wp","href":"https:\/\/api.w.org\/{rel}","templated":true}]}}