{"id":2980,"date":"2025-02-01T23:00:52","date_gmt":"2025-02-01T22:00:52","guid":{"rendered":"https:\/\/www.mc2020.net\/shop\/?post_type=product&#038;p=2980"},"modified":"2025-04-04T10:53:31","modified_gmt":"2025-04-04T10:53:31","slug":"creation-site-vitrine-cle-en-main","status":"publish","type":"product","link":"https:\/\/www.mc2020.net\/shop\/produit\/creation-site-vitrine-cle-en-main\/","title":{"rendered":"Cr\u00e9ation site vitrine cl\u00e9 en main"},"content":{"rendered":"<div class=\"price\">\n<p>Un site vitrine sert \u00e0 vous pr\u00e9senter en indiquant pr\u00e9cis\u00e9ment qui vous \u00eates, ce que vous faites et o\u00f9 vous vous situez&#8230;<\/p>\n<\/div>\n<p>Le site web Vitrine peu comprend les fonctionnalit\u00e9s suivantes:<\/p>\n<ul class=\"packages\">\n<li><i class=\"fa fa-check\"><\/i>Nom de domaine + H\u00e9bergement Offert*<\/li>\n<li><i class=\"fa fa-check\"><\/i>Adresses e-mail en illimit\u00e9*<\/li>\n<li><i class=\"fa fa-check\"><\/i>Sauvegarde automatique*<\/li>\n<li><i class=\"fa fa-check\"><\/i>S\u00e9curisation du site<\/li>\n<li><i class=\"fa fa-check\"><\/i>Maintenance serveur<\/li>\n<li><i class=\"fa fa-check\"><\/i>de 5 jusqu&rsquo; a un nombre de pages illimit\u00e9<\/li>\n<li><i class=\"fa fa-check\"><\/i>Interface d&rsquo;administration<\/li>\n<li><i class=\"fa fa-check\"><\/i>Design Responsive<\/li>\n<li><i class=\"fa fa-check\"><\/i>Galerie photo\/vid\u00e9o<\/li>\n<li><i class=\"fa fa-check\"><\/i>T\u00e9moignages de clients<\/li>\n<li><i class=\"fa fa-check\"><\/i>Partenaires et r\u00e9f\u00e9rences<\/li>\n<li><i class=\"fa fa-check\"><\/i>Formulaire de contact Anti Spam<\/li>\n<li><i class=\"fa fa-check\"><\/i>Plan d&rsquo;acc\u00e8s Google Maps<\/li>\n<li><i class=\"fa fa-check\"><\/i>R\u00e9seaux sociaux<\/li>\n<li><i class=\"fa fa-check\"><\/i>Optimisation pour le r\u00e9f\u00e9rencement<\/li>\n<li><i class=\"fa fa-check\"><\/i>Outil d\u2019analyse de trafic<\/li>\n<li><i class=\"fa fa-check\"><\/i>Formation<\/li>\n<\/ul>\n","protected":false},"excerpt":{"rendered":"<p>Notre agence de communication vous accompagne lors de vos premiers pas dans le monde num\u00e9rique :<\/p>\n<ul>\n<li>Jusqu\u2019\u00e0 5 pages + page de contact<\/li>\n<li>H\u00e9bergement et nom de domaine offert<\/li>\n<li>Adresses de messagerie professionnelles<\/li>\n<li>Affichage responsive<\/li>\n<\/ul>\n","protected":false},"featured_media":3021,"comment_status":"closed","ping_status":"closed","template":"","meta":{"_uag_custom_page_level_css":"","site-sidebar-layout":"default","site-content-layout":"","ast-site-content-layout":"default","site-content-style":"default","site-sidebar-style":"default","ast-global-header-display":"","ast-banner-title-visibility":"","ast-main-header-display":"","ast-hfb-above-header-display":"","ast-hfb-below-header-display":"","ast-hfb-mobile-header-display":"","site-post-title":"","ast-breadcrumbs-content":"","ast-featured-img":"","footer-sml-layout":"","ast-disable-related-posts":"","theme-transparent-header-meta":"default","adv-header-id-meta":"","stick-header-meta":"","header-above-stick-meta":"","header-main-stick-meta":"","header-below-stick-meta":"","astra-migrate-meta-layouts":"set","ast-page-background-enabled":"default","ast-page-background-meta":{"desktop":{"background-color":"var(--ast-global-color-4)","background-image":"","background-repeat":"repeat","background-position":"center center","background-size":"auto","background-attachment":"scroll","background-type":"","background-media":"","overlay-type":"","overlay-color":"","overlay-opacity":"","overlay-gradient":""},"tablet":{"background-color":"","background-image":"","background-repeat":"repeat","background-position":"center center","background-size":"auto","background-attachment":"scroll","background-type":"","background-media":"","overlay-type":"","overlay-color":"","overlay-opacity":"","overlay-gradient":""},"mobile":{"background-color":"","background-image":"","background-repeat":"repeat","background-position":"center center","background-size":"auto","background-attachment":"scroll","background-type":"","background-media":"","overlay-type":"","overlay-color":"","overlay-opacity":"","overlay-gradient":""}},"ast-content-background-meta":{"desktop":{"background-color":"var(--ast-global-color-5)","background-image":"","background-repeat":"repeat","background-position":"center center","background-size":"auto","background-attachment":"scroll","background-type":"","background-media":"","overlay-type":"","overlay-color":"","overlay-opacity":"","overlay-gradient":""},"tablet":{"background-color":"var(--ast-global-color-5)","background-image":"","background-repeat":"repeat","background-position":"center center","background-size":"auto","background-attachment":"scroll","background-type":"","background-media":"","overlay-type":"","overlay-color":"","overlay-opacity":"","overlay-gradient":""},"mobile":{"background-color":"var(--ast-global-color-5)","background-image":"","background-repeat":"repeat","background-position":"center center","background-size":"auto","background-attachment":"scroll","background-type":"","background-media":"","overlay-type":"","overlay-color":"","overlay-opacity":"","overlay-gradient":""}}},"product_brand":[],"product_cat":[30],"product_tag":[],"class_list":{"0":"post-2980","1":"product","2":"type-product","3":"status-publish","4":"has-post-thumbnail","6":"product_cat-web-services","7":"desktop-align-left","8":"tablet-align-left","9":"mobile-align-left","11":"first","12":"instock","13":"virtual","14":"sold-individually","15":"taxable","16":"purchasable","17":"product-type-simple"},"aioseo_notices":[],"uagb_featured_image_src":{"full":["https:\/\/www.mc2020.net\/shop\/wp-content\/uploads\/2025\/01\/site-vetrine.png",1080,1080,false],"thumbnail":["https:\/\/www.mc2020.net\/shop\/wp-content\/uploads\/2025\/01\/site-vetrine-150x150.png",150,150,true],"medium":["https:\/\/www.mc2020.net\/shop\/wp-content\/uploads\/2025\/01\/site-vetrine-300x300.png",300,300,true],"medium_large":["https:\/\/www.mc2020.net\/shop\/wp-content\/uploads\/2025\/01\/site-vetrine-768x768.png",768,768,true],"large":["https:\/\/www.mc2020.net\/shop\/wp-content\/uploads\/2025\/01\/site-vetrine-1024x1024.png",1024,1024,true],"1536x1536":["https:\/\/www.mc2020.net\/shop\/wp-content\/uploads\/2025\/01\/site-vetrine.png",1080,1080,false],"2048x2048":["https:\/\/www.mc2020.net\/shop\/wp-content\/uploads\/2025\/01\/site-vetrine.png",1080,1080,false],"woocommerce_thumbnail":["https:\/\/www.mc2020.net\/shop\/wp-content\/uploads\/2025\/01\/site-vetrine-300x300.png",300,300,true],"woocommerce_single":["https:\/\/www.mc2020.net\/shop\/wp-content\/uploads\/2025\/01\/site-vetrine-600x600.png",600,600,true],"woocommerce_gallery_thumbnail":["https:\/\/www.mc2020.net\/shop\/wp-content\/uploads\/2025\/01\/site-vetrine-100x100.png",100,100,true]},"uagb_author_info":{"display_name":"kawtar Marjoub","author_link":"https:\/\/www.mc2020.net\/shop\/author\/"},"uagb_comment_info":0,"uagb_excerpt":"Notre agence de communication vous accompagne lors de vos premiers pas dans le monde num\u00e9rique : Jusqu\u2019\u00e0 5 pages + page de contact H\u00e9bergement et nom de domaine offert Adresses de messagerie professionnelles Affichage responsive","_links":{"self":[{"href":"https:\/\/www.mc2020.net\/shop\/wp-json\/wp\/v2\/product\/2980","targetHints":{"allow":["GET"]}}],"collection":[{"href":"https:\/\/www.mc2020.net\/shop\/wp-json\/wp\/v2\/product"}],"about":[{"href":"https:\/\/www.mc2020.net\/shop\/wp-json\/wp\/v2\/types\/product"}],"replies":[{"embeddable":true,"href":"https:\/\/www.mc2020.net\/shop\/wp-json\/wp\/v2\/comments?post=2980"}],"wp:featuredmedia":[{"embeddable":true,"href":"https:\/\/www.mc2020.net\/shop\/wp-json\/wp\/v2\/media\/3021"}],"wp:attachment":[{"href":"https:\/\/www.mc2020.net\/shop\/wp-json\/wp\/v2\/media?parent=2980"}],"wp:term":[{"taxonomy":"product_brand","embeddable":true,"href":"https:\/\/www.mc2020.net\/shop\/wp-json\/wp\/v2\/product_brand?post=2980"},{"taxonomy":"product_cat","embeddable":true,"href":"https:\/\/www.mc2020.net\/shop\/wp-json\/wp\/v2\/product_cat?post=2980"},{"taxonomy":"product_tag","embeddable":true,"href":"https:\/\/www.mc2020.net\/shop\/wp-json\/wp\/v2\/product_tag?post=2980"}],"curies":[{"name":"wp","href":"https:\/\/api.w.org\/{rel}","templated":true}]}}