{"id":2976,"date":"2025-01-30T10:42:27","date_gmt":"2025-01-30T09:42:27","guid":{"rendered":"https:\/\/www.mc2020.net\/shop\/?post_type=product&#038;p=2976"},"modified":"2025-05-07T11:07:44","modified_gmt":"2025-05-07T10:07:44","slug":"creation-site-de-reservation","status":"publish","type":"product","link":"https:\/\/www.mc2020.net\/shop\/produit\/creation-site-de-reservation\/","title":{"rendered":"Cr\u00e9ation blog"},"content":{"rendered":"<p>Cr\u00e9ez un blog \u00e0 votre image ! Notre \u00e9quipe vous accompagne dans la conception d&rsquo;une plateforme unique, en accord avec votre identit\u00e9 visuelle et vos objectifs. B\u00e9n\u00e9ficiez d&rsquo;un design professionnel, d&rsquo;une navigation intuitive et de toutes les fonctionnalit\u00e9s essentielles pour un blog r\u00e9ussi.<\/p>\n","protected":false},"excerpt":{"rendered":"<p>Cr\u00e9ez un blog \u00e0 votre image ! Notre \u00e9quipe vous accompagne dans la conception d&rsquo;une plateforme unique, en accord avec votre identit\u00e9 visuelle et vos objectifs. B\u00e9n\u00e9ficiez d&rsquo;un design professionnel, d&rsquo;une navigation intuitive et de toutes les fonctionnalit\u00e9s essentielles pour un blog r\u00e9ussi.<\/p>\n","protected":false},"featured_media":3026,"comment_status":"open","ping_status":"closed","template":"","meta":{"_uag_custom_page_level_css":"","site-sidebar-layout":"default","site-content-layout":"","ast-site-content-layout":"default","site-content-style":"default","site-sidebar-style":"default","ast-global-header-display":"","ast-banner-title-visibility":"","ast-main-header-display":"","ast-hfb-above-header-display":"","ast-hfb-below-header-display":"","ast-hfb-mobile-header-display":"","site-post-title":"","ast-breadcrumbs-content":"","ast-featured-img":"","footer-sml-layout":"","ast-disable-related-posts":"","theme-transparent-header-meta":"default","adv-header-id-meta":"","stick-header-meta":"","header-above-stick-meta":"","header-main-stick-meta":"","header-below-stick-meta":"","astra-migrate-meta-layouts":"set","ast-page-background-enabled":"default","ast-page-background-meta":{"desktop":{"background-color":"var(--ast-global-color-4)","background-image":"","background-repeat":"repeat","background-position":"center center","background-size":"auto","background-attachment":"scroll","background-type":"","background-media":"","overlay-type":"","overlay-color":"","overlay-opacity":"","overlay-gradient":""},"tablet":{"background-color":"","background-image":"","background-repeat":"repeat","background-position":"center center","background-size":"auto","background-attachment":"scroll","background-type":"","background-media":"","overlay-type":"","overlay-color":"","overlay-opacity":"","overlay-gradient":""},"mobile":{"background-color":"","background-image":"","background-repeat":"repeat","background-position":"center center","background-size":"auto","background-attachment":"scroll","background-type":"","background-media":"","overlay-type":"","overlay-color":"","overlay-opacity":"","overlay-gradient":""}},"ast-content-background-meta":{"desktop":{"background-color":"var(--ast-global-color-5)","background-image":"","background-repeat":"repeat","background-position":"center center","background-size":"auto","background-attachment":"scroll","background-type":"","background-media":"","overlay-type":"","overlay-color":"","overlay-opacity":"","overlay-gradient":""},"tablet":{"background-color":"var(--ast-global-color-5)","background-image":"","background-repeat":"repeat","background-position":"center center","background-size":"auto","background-attachment":"scroll","background-type":"","background-media":"","overlay-type":"","overlay-color":"","overlay-opacity":"","overlay-gradient":""},"mobile":{"background-color":"var(--ast-global-color-5)","background-image":"","background-repeat":"repeat","background-position":"center center","background-size":"auto","background-attachment":"scroll","background-type":"","background-media":"","overlay-type":"","overlay-color":"","overlay-opacity":"","overlay-gradient":""}}},"product_brand":[],"product_cat":[30],"product_tag":[],"class_list":{"0":"post-2976","1":"product","2":"type-product","3":"status-publish","4":"has-post-thumbnail","6":"product_cat-web-services","7":"desktop-align-left","8":"tablet-align-left","9":"mobile-align-left","11":"first","12":"instock","13":"taxable","14":"shipping-taxable","15":"purchasable","16":"product-type-simple"},"aioseo_notices":[],"uagb_featured_image_src":{"full":["https:\/\/www.mc2020.net\/shop\/wp-content\/uploads\/2025\/01\/blog.jpg",1080,1080,false],"thumbnail":["https:\/\/www.mc2020.net\/shop\/wp-content\/uploads\/2025\/01\/blog-150x150.jpg",150,150,true],"medium":["https:\/\/www.mc2020.net\/shop\/wp-content\/uploads\/2025\/01\/blog-300x300.jpg",300,300,true],"medium_large":["https:\/\/www.mc2020.net\/shop\/wp-content\/uploads\/2025\/01\/blog-768x768.jpg",768,768,true],"large":["https:\/\/www.mc2020.net\/shop\/wp-content\/uploads\/2025\/01\/blog-1024x1024.jpg",1024,1024,true],"1536x1536":["https:\/\/www.mc2020.net\/shop\/wp-content\/uploads\/2025\/01\/blog.jpg",1080,1080,false],"2048x2048":["https:\/\/www.mc2020.net\/shop\/wp-content\/uploads\/2025\/01\/blog.jpg",1080,1080,false],"woocommerce_thumbnail":["https:\/\/www.mc2020.net\/shop\/wp-content\/uploads\/2025\/01\/blog-300x300.jpg",300,300,true],"woocommerce_single":["https:\/\/www.mc2020.net\/shop\/wp-content\/uploads\/2025\/01\/blog-600x600.jpg",600,600,true],"woocommerce_gallery_thumbnail":["https:\/\/www.mc2020.net\/shop\/wp-content\/uploads\/2025\/01\/blog-100x100.jpg",100,100,true]},"uagb_author_info":{"display_name":"kawtar Marjoub","author_link":"https:\/\/www.mc2020.net\/shop\/author\/"},"uagb_comment_info":2,"uagb_excerpt":"Cr\u00e9ez un blog \u00e0 votre image ! Notre \u00e9quipe vous accompagne dans la conception d&rsquo;une plateforme unique, en accord avec votre identit\u00e9 visuelle et vos objectifs. B\u00e9n\u00e9ficiez d&rsquo;un design professionnel, d&rsquo;une navigation intuitive et de toutes les fonctionnalit\u00e9s essentielles pour un blog r\u00e9ussi.","_links":{"self":[{"href":"https:\/\/www.mc2020.net\/shop\/wp-json\/wp\/v2\/product\/2976","targetHints":{"allow":["GET"]}}],"collection":[{"href":"https:\/\/www.mc2020.net\/shop\/wp-json\/wp\/v2\/product"}],"about":[{"href":"https:\/\/www.mc2020.net\/shop\/wp-json\/wp\/v2\/types\/product"}],"replies":[{"embeddable":true,"href":"https:\/\/www.mc2020.net\/shop\/wp-json\/wp\/v2\/comments?post=2976"}],"wp:featuredmedia":[{"embeddable":true,"href":"https:\/\/www.mc2020.net\/shop\/wp-json\/wp\/v2\/media\/3026"}],"wp:attachment":[{"href":"https:\/\/www.mc2020.net\/shop\/wp-json\/wp\/v2\/media?parent=2976"}],"wp:term":[{"taxonomy":"product_brand","embeddable":true,"href":"https:\/\/www.mc2020.net\/shop\/wp-json\/wp\/v2\/product_brand?post=2976"},{"taxonomy":"product_cat","embeddable":true,"href":"https:\/\/www.mc2020.net\/shop\/wp-json\/wp\/v2\/product_cat?post=2976"},{"taxonomy":"product_tag","embeddable":true,"href":"https:\/\/www.mc2020.net\/shop\/wp-json\/wp\/v2\/product_tag?post=2976"}],"curies":[{"name":"wp","href":"https:\/\/api.w.org\/{rel}","templated":true}]}}