{"id":2947,"date":"2025-01-29T15:51:51","date_gmt":"2025-01-29T14:51:51","guid":{"rendered":"https:\/\/www.mc2020.net\/shop\/?post_type=product&#038;p=2947"},"modified":"2025-06-16T17:24:28","modified_gmt":"2025-06-16T16:24:28","slug":"intelligent-locks","status":"publish","type":"product","link":"https:\/\/www.mc2020.net\/shop\/produit\/intelligent-locks\/","title":{"rendered":"Serrure \u00e0 cylindre Bluetooth \u00e0 empreinte digitale TTLOCK APP, serrure de porte \u00e9lectronique intelligente biom\u00e9trique, clavier num\u00e9rique, carte RFID, serrure sans cl\u00e9"},"content":{"rendered":"<p>Serrure \u00e0 cylindre Bluetooth \u00e0 empreinte digitale TTLOCK APP, serrure de porte \u00e9lectronique intelligente biom\u00e9trique, clavier num\u00e9rique, carte RFID, serrure sans cl\u00e9<\/p>\n<p>Sp\u00e9cifications : Prise en charge de la connexion Bluetooth : version ttlock Mat\u00e9riau : alliage d&rsquo;aluminium Mode de d\u00e9verrouillage : APP \/ Empreinte digitale \/ Mot de passe \/ Carte \u00e0 puce \/ Cl\u00e9 Lecture d&#8217;empreintes digitales : Capteur FPC (capteur semi-conducteur) Couleur : argent\/noir Utilisateur de la carte : 100 Utilisateur d&#8217;empreintes digitales : 50 Type de puce : Pilote double c\u0153ur Temps de lecture : 0,3 seconde \u00c9cran tactile : mat\u00e9riau IML Puissance de travail : 4 piles AAA 1,5 V (non incluses) Temp\u00e9rature de fonctionnement : -25 \u00e0 55 \u00b0C Fonction de mot de passe : prend en charge le mot de passe virtuel Convient pour une \u00e9paisseur de porte d&rsquo;environ 35 \u00e0 55 mm<\/p>\n<p>&nbsp;<\/p>\n<div style=\"width: 304px;\" class=\"wp-video\"><video class=\"wp-video-shortcode\" id=\"video-2947-1\" width=\"304\" height=\"640\" preload=\"metadata\" controls=\"controls\"><source type=\"video\/mp4\" src=\"https:\/\/www.mc2020.net\/shop\/wp-content\/uploads\/2025\/01\/4OgZaTv8AOunlimit_aliyun-1.mp4?_=1\" \/><a href=\"https:\/\/www.mc2020.net\/shop\/wp-content\/uploads\/2025\/01\/4OgZaTv8AOunlimit_aliyun-1.mp4\">https:\/\/www.mc2020.net\/shop\/wp-content\/uploads\/2025\/01\/4OgZaTv8AOunlimit_aliyun-1.mp4<\/a><\/video><\/div>\n","protected":false},"excerpt":{"rendered":"<ul>\n<li>Plateforme de maison intelligente : Tuya, s&rsquo;int\u00e8gre parfaitement \u00e0 la plate-forme de maison intelligente Tuya, am\u00e9liorant la s\u00e9curit\u00e9 et l&rsquo;accessibilit\u00e9 de votre maison.<\/li>\n<li>Capacit\u00e9 d&#8217;empreintes digitales : 50, peut accueillir jusqu&rsquo;\u00e0 50 empreintes digitales, offrant une exp\u00e9rience d&rsquo;acc\u00e8s personnalis\u00e9e et s\u00e9curis\u00e9e pour plusieurs utilisateurs.<\/li>\n<li>Type de porte appropri\u00e9 : porte en acier, porte en bois, serrure polyvalente con\u00e7ue pour les portes en acier et en bois, s&rsquo;adaptant \u00e0 divers environnements domestiques et commerciaux.<\/li>\n<li>Serrure de porte sans cl\u00e9 sup\u00e9rieure | Serrure intelligente Augist |<\/li>\n<li>Mat\u00e9riau : acier inoxydable, fabriqu\u00e9e en acier inoxydable robuste, cette serrure r\u00e9siste \u00e0 l&rsquo;usure quotidienne, garantissant une s\u00e9curit\u00e9 durable.<\/li>\n<li>Fa\u00e7ons de d\u00e9verrouiller : empreinte digitale, carte RFID, Bluetooth, plusieurs m\u00e9thodes de d\u00e9verrouillage, notamment l&#8217;empreinte digitale, la carte RFID et la connectivit\u00e9 Bluetooth pour plus de commodit\u00e9<\/li>\n<\/ul>\n","protected":false},"featured_media":2948,"comment_status":"open","ping_status":"closed","template":"","meta":{"_uag_custom_page_level_css":"","site-sidebar-layout":"default","site-content-layout":"","ast-site-content-layout":"default","site-content-style":"default","site-sidebar-style":"default","ast-global-header-display":"","ast-banner-title-visibility":"","ast-main-header-display":"","ast-hfb-above-header-display":"","ast-hfb-below-header-display":"","ast-hfb-mobile-header-display":"","site-post-title":"","ast-breadcrumbs-content":"","ast-featured-img":"","footer-sml-layout":"","ast-disable-related-posts":"","theme-transparent-header-meta":"default","adv-header-id-meta":"","stick-header-meta":"","header-above-stick-meta":"","header-main-stick-meta":"","header-below-stick-meta":"","astra-migrate-meta-layouts":"set","ast-page-background-enabled":"default","ast-page-background-meta":{"desktop":{"background-color":"var(--ast-global-color-4)","background-image":"","background-repeat":"repeat","background-position":"center center","background-size":"auto","background-attachment":"scroll","background-type":"","background-media":"","overlay-type":"","overlay-color":"","overlay-opacity":"","overlay-gradient":""},"tablet":{"background-color":"","background-image":"","background-repeat":"repeat","background-position":"center center","background-size":"auto","background-attachment":"scroll","background-type":"","background-media":"","overlay-type":"","overlay-color":"","overlay-opacity":"","overlay-gradient":""},"mobile":{"background-color":"","background-image":"","background-repeat":"repeat","background-position":"center center","background-size":"auto","background-attachment":"scroll","background-type":"","background-media":"","overlay-type":"","overlay-color":"","overlay-opacity":"","overlay-gradient":""}},"ast-content-background-meta":{"desktop":{"background-color":"var(--ast-global-color-5)","background-image":"","background-repeat":"repeat","background-position":"center center","background-size":"auto","background-attachment":"scroll","background-type":"","background-media":"","overlay-type":"","overlay-color":"","overlay-opacity":"","overlay-gradient":""},"tablet":{"background-color":"var(--ast-global-color-5)","background-image":"","background-repeat":"repeat","background-position":"center center","background-size":"auto","background-attachment":"scroll","background-type":"","background-media":"","overlay-type":"","overlay-color":"","overlay-opacity":"","overlay-gradient":""},"mobile":{"background-color":"var(--ast-global-color-5)","background-image":"","background-repeat":"repeat","background-position":"center center","background-size":"auto","background-attachment":"scroll","background-type":"","background-media":"","overlay-type":"","overlay-color":"","overlay-opacity":"","overlay-gradient":""}}},"product_brand":[],"product_cat":[24],"product_tag":[],"class_list":{"0":"post-2947","1":"product","2":"type-product","3":"status-publish","4":"has-post-thumbnail","6":"product_cat-surveillance-cam","7":"desktop-align-left","8":"tablet-align-left","9":"mobile-align-left","11":"first","12":"instock","13":"sale","14":"taxable","15":"shipping-taxable","16":"purchasable","17":"product-type-simple"},"aioseo_notices":[],"uagb_featured_image_src":{"full":["https:\/\/www.mc2020.net\/shop\/wp-content\/uploads\/2025\/01\/smartdoorlook.jpg",1080,1080,false],"thumbnail":["https:\/\/www.mc2020.net\/shop\/wp-content\/uploads\/2025\/01\/smartdoorlook-150x150.jpg",150,150,true],"medium":["https:\/\/www.mc2020.net\/shop\/wp-content\/uploads\/2025\/01\/smartdoorlook-300x300.jpg",300,300,true],"medium_large":["https:\/\/www.mc2020.net\/shop\/wp-content\/uploads\/2025\/01\/smartdoorlook-768x768.jpg",768,768,true],"large":["https:\/\/www.mc2020.net\/shop\/wp-content\/uploads\/2025\/01\/smartdoorlook-1024x1024.jpg",1024,1024,true],"1536x1536":["https:\/\/www.mc2020.net\/shop\/wp-content\/uploads\/2025\/01\/smartdoorlook.jpg",1080,1080,false],"2048x2048":["https:\/\/www.mc2020.net\/shop\/wp-content\/uploads\/2025\/01\/smartdoorlook.jpg",1080,1080,false],"woocommerce_thumbnail":["https:\/\/www.mc2020.net\/shop\/wp-content\/uploads\/2025\/01\/smartdoorlook-300x300.jpg",300,300,true],"woocommerce_single":["https:\/\/www.mc2020.net\/shop\/wp-content\/uploads\/2025\/01\/smartdoorlook-600x600.jpg",600,600,true],"woocommerce_gallery_thumbnail":["https:\/\/www.mc2020.net\/shop\/wp-content\/uploads\/2025\/01\/smartdoorlook-100x100.jpg",100,100,true]},"uagb_author_info":{"display_name":"kawtar Marjoub","author_link":"https:\/\/www.mc2020.net\/shop\/author\/"},"uagb_comment_info":0,"uagb_excerpt":"Plateforme de maison intelligente : Tuya, s'int\u00e8gre parfaitement \u00e0 la plate-forme de maison intelligente Tuya, am\u00e9liorant la s\u00e9curit\u00e9 et l'accessibilit\u00e9 de votre maison. Capacit\u00e9 d'empreintes digitales : 50, peut accueillir jusqu'\u00e0 50 empreintes digitales, offrant une exp\u00e9rience d'acc\u00e8s personnalis\u00e9e et s\u00e9curis\u00e9e pour plusieurs utilisateurs. Type de porte appropri\u00e9 : porte en acier, porte en bois,\u2026","_links":{"self":[{"href":"https:\/\/www.mc2020.net\/shop\/wp-json\/wp\/v2\/product\/2947","targetHints":{"allow":["GET"]}}],"collection":[{"href":"https:\/\/www.mc2020.net\/shop\/wp-json\/wp\/v2\/product"}],"about":[{"href":"https:\/\/www.mc2020.net\/shop\/wp-json\/wp\/v2\/types\/product"}],"replies":[{"embeddable":true,"href":"https:\/\/www.mc2020.net\/shop\/wp-json\/wp\/v2\/comments?post=2947"}],"wp:featuredmedia":[{"embeddable":true,"href":"https:\/\/www.mc2020.net\/shop\/wp-json\/wp\/v2\/media\/2948"}],"wp:attachment":[{"href":"https:\/\/www.mc2020.net\/shop\/wp-json\/wp\/v2\/media?parent=2947"}],"wp:term":[{"taxonomy":"product_brand","embeddable":true,"href":"https:\/\/www.mc2020.net\/shop\/wp-json\/wp\/v2\/product_brand?post=2947"},{"taxonomy":"product_cat","embeddable":true,"href":"https:\/\/www.mc2020.net\/shop\/wp-json\/wp\/v2\/product_cat?post=2947"},{"taxonomy":"product_tag","embeddable":true,"href":"https:\/\/www.mc2020.net\/shop\/wp-json\/wp\/v2\/product_tag?post=2947"}],"curies":[{"name":"wp","href":"https:\/\/api.w.org\/{rel}","templated":true}]}}