{"id":2936,"date":"2025-01-29T13:58:02","date_gmt":"2025-01-29T12:58:02","guid":{"rendered":"https:\/\/www.mc2020.net\/shop\/?post_type=product&#038;p=2936"},"modified":"2025-04-26T11:25:45","modified_gmt":"2025-04-26T10:25:45","slug":"refroidisseur-de-processeur-a-noyau-en-cuivre-spire-cpu-coolers","status":"publish","type":"product","link":"https:\/\/www.mc2020.net\/shop\/produit\/refroidisseur-de-processeur-a-noyau-en-cuivre-spire-cpu-coolers\/","title":{"rendered":"Refroidisseur de processeur \u00e0 noyau en cuivre Spire CPU coolers"},"content":{"rendered":"<p><span>Cette version des refroidisseurs de processeur de la s\u00e9rie Spire QuadroFlow pour les sockets Intel LGA1700 est \u00e9quip\u00e9e d&rsquo;un ventilateur LED RVB, affichant les couleurs vives de l&rsquo;arc-en-ciel dans votre bo\u00eetier PC Windows. Ce refroidisseur de processeur a un diam\u00e8tre de 9,2 cm et p\u00e8se 270 grammes. Le syst\u00e8me d&rsquo;installation s\u00e9curis\u00e9 par vis garantit un montage robuste et s\u00fbr. Le dissipateur thermique en aluminium est \u00e9quip\u00e9 d&rsquo;un noyau solide enti\u00e8rement en cuivre de 25 mm et surmont\u00e9 d&rsquo;un ventilateur LED RVB de 90 x 25 mm. De plus, ce refroidisseur de processeur est silencieux et pas trop grand ; les dimensions sont de 10,5 \u00d7 10,5 \u00d7 8,5 cm, ce qui fait que ce refroidisseur s&rsquo;adapte \u00e0 presque tous les bo\u00eetiers PC.<\/span><\/p>\n<h6><span>CARACT\u00c9RISTIQUES<\/span><\/h6>\n<ul>\n<li><span>Ventilateur LED RVB 90x25mm<\/span><\/li>\n<li><span>Silencieux, palier lisse<\/span><\/li>\n<li><span>Connecteur de carte m\u00e8re \u00e0 3 broches<\/span><\/li>\n<li><span>Ailettes en aluminium haute densit\u00e9 + noyau en cuivre de 25 mm<\/span><\/li>\n<li><span>Installation s\u00e9curis\u00e9e de la carte m\u00e8re avec montage \u00e0 vis<\/span><\/li>\n<li><span>Prend en charge LGA1700<\/span><\/li>\n<li><span>Vitesse du ventilateur : 2200 =\/-10 % RPM<\/span><\/li>\n<li><span>Meilleures performances de refroidissement jusqu&rsquo;\u00e0 95 W TDP<\/span><\/li>\n<li><span>Garantie constructeur de 2 ans<\/span><\/li>\n<\/ul>\n","protected":false},"excerpt":{"rendered":"<p>Cette version des refroidisseurs de processeur de la s\u00e9rie Spire QuadroFlow pour les sockets Intel LGA1700 est \u00e9quip\u00e9e d&rsquo;un ventilateur LED RVB, affichant les couleurs vives de l&rsquo;arc-en-ciel dans votre bo\u00eetier PC Windows. Ce refroidisseur de processeur a un diam\u00e8tre de 9,2 cm et p\u00e8se 270 grammes. Le syst\u00e8me d&rsquo;installation s\u00e9curis\u00e9 par vis garantit un [&hellip;]<\/p>\n","protected":false},"featured_media":2937,"comment_status":"open","ping_status":"closed","template":"","meta":{"_uag_custom_page_level_css":"","site-sidebar-layout":"default","site-content-layout":"","ast-site-content-layout":"default","site-content-style":"default","site-sidebar-style":"default","ast-global-header-display":"","ast-banner-title-visibility":"","ast-main-header-display":"","ast-hfb-above-header-display":"","ast-hfb-below-header-display":"","ast-hfb-mobile-header-display":"","site-post-title":"","ast-breadcrumbs-content":"","ast-featured-img":"","footer-sml-layout":"","ast-disable-related-posts":"","theme-transparent-header-meta":"default","adv-header-id-meta":"","stick-header-meta":"","header-above-stick-meta":"","header-main-stick-meta":"","header-below-stick-meta":"","astra-migrate-meta-layouts":"set","ast-page-background-enabled":"default","ast-page-background-meta":{"desktop":{"background-color":"var(--ast-global-color-4)","background-image":"","background-repeat":"repeat","background-position":"center center","background-size":"auto","background-attachment":"scroll","background-type":"","background-media":"","overlay-type":"","overlay-color":"","overlay-opacity":"","overlay-gradient":""},"tablet":{"background-color":"","background-image":"","background-repeat":"repeat","background-position":"center center","background-size":"auto","background-attachment":"scroll","background-type":"","background-media":"","overlay-type":"","overlay-color":"","overlay-opacity":"","overlay-gradient":""},"mobile":{"background-color":"","background-image":"","background-repeat":"repeat","background-position":"center center","background-size":"auto","background-attachment":"scroll","background-type":"","background-media":"","overlay-type":"","overlay-color":"","overlay-opacity":"","overlay-gradient":""}},"ast-content-background-meta":{"desktop":{"background-color":"var(--ast-global-color-5)","background-image":"","background-repeat":"repeat","background-position":"center center","background-size":"auto","background-attachment":"scroll","background-type":"","background-media":"","overlay-type":"","overlay-color":"","overlay-opacity":"","overlay-gradient":""},"tablet":{"background-color":"var(--ast-global-color-5)","background-image":"","background-repeat":"repeat","background-position":"center center","background-size":"auto","background-attachment":"scroll","background-type":"","background-media":"","overlay-type":"","overlay-color":"","overlay-opacity":"","overlay-gradient":""},"mobile":{"background-color":"var(--ast-global-color-5)","background-image":"","background-repeat":"repeat","background-position":"center center","background-size":"auto","background-attachment":"scroll","background-type":"","background-media":"","overlay-type":"","overlay-color":"","overlay-opacity":"","overlay-gradient":""}}},"product_brand":[],"product_cat":[26],"product_tag":[],"class_list":{"0":"post-2936","1":"product","2":"type-product","3":"status-publish","4":"has-post-thumbnail","6":"product_cat-accessoires","7":"desktop-align-left","8":"tablet-align-left","9":"mobile-align-left","11":"first","12":"instock","13":"taxable","14":"shipping-taxable","15":"product-type-simple"},"aioseo_notices":[],"uagb_featured_image_src":{"full":["https:\/\/www.mc2020.net\/shop\/wp-content\/uploads\/2025\/01\/Spire-CPU.webp",360,295,false],"thumbnail":["https:\/\/www.mc2020.net\/shop\/wp-content\/uploads\/2025\/01\/Spire-CPU-150x150.webp",150,150,true],"medium":["https:\/\/www.mc2020.net\/shop\/wp-content\/uploads\/2025\/01\/Spire-CPU-300x246.webp",300,246,true],"medium_large":["https:\/\/www.mc2020.net\/shop\/wp-content\/uploads\/2025\/01\/Spire-CPU.webp",360,295,false],"large":["https:\/\/www.mc2020.net\/shop\/wp-content\/uploads\/2025\/01\/Spire-CPU.webp",360,295,false],"1536x1536":["https:\/\/www.mc2020.net\/shop\/wp-content\/uploads\/2025\/01\/Spire-CPU.webp",360,295,false],"2048x2048":["https:\/\/www.mc2020.net\/shop\/wp-content\/uploads\/2025\/01\/Spire-CPU.webp",360,295,false],"woocommerce_thumbnail":["https:\/\/www.mc2020.net\/shop\/wp-content\/uploads\/2025\/01\/Spire-CPU-300x295.webp",300,295,true],"woocommerce_single":["https:\/\/www.mc2020.net\/shop\/wp-content\/uploads\/2025\/01\/Spire-CPU.webp",360,295,false],"woocommerce_gallery_thumbnail":["https:\/\/www.mc2020.net\/shop\/wp-content\/uploads\/2025\/01\/Spire-CPU-100x100.webp",100,100,true]},"uagb_author_info":{"display_name":"Adil OUBNALI","author_link":"https:\/\/www.mc2020.net\/shop\/author\/"},"uagb_comment_info":0,"uagb_excerpt":"Cette version des refroidisseurs de processeur de la s\u00e9rie Spire QuadroFlow pour les sockets Intel LGA1700 est \u00e9quip\u00e9e d&rsquo;un ventilateur LED RVB, affichant les couleurs vives de l&rsquo;arc-en-ciel dans votre bo\u00eetier PC Windows. Ce refroidisseur de processeur a un diam\u00e8tre de 9,2 cm et p\u00e8se 270 grammes. Le syst\u00e8me d&rsquo;installation s\u00e9curis\u00e9 par vis garantit un\u2026","_links":{"self":[{"href":"https:\/\/www.mc2020.net\/shop\/wp-json\/wp\/v2\/product\/2936","targetHints":{"allow":["GET"]}}],"collection":[{"href":"https:\/\/www.mc2020.net\/shop\/wp-json\/wp\/v2\/product"}],"about":[{"href":"https:\/\/www.mc2020.net\/shop\/wp-json\/wp\/v2\/types\/product"}],"replies":[{"embeddable":true,"href":"https:\/\/www.mc2020.net\/shop\/wp-json\/wp\/v2\/comments?post=2936"}],"wp:featuredmedia":[{"embeddable":true,"href":"https:\/\/www.mc2020.net\/shop\/wp-json\/wp\/v2\/media\/2937"}],"wp:attachment":[{"href":"https:\/\/www.mc2020.net\/shop\/wp-json\/wp\/v2\/media?parent=2936"}],"wp:term":[{"taxonomy":"product_brand","embeddable":true,"href":"https:\/\/www.mc2020.net\/shop\/wp-json\/wp\/v2\/product_brand?post=2936"},{"taxonomy":"product_cat","embeddable":true,"href":"https:\/\/www.mc2020.net\/shop\/wp-json\/wp\/v2\/product_cat?post=2936"},{"taxonomy":"product_tag","embeddable":true,"href":"https:\/\/www.mc2020.net\/shop\/wp-json\/wp\/v2\/product_tag?post=2936"}],"curies":[{"name":"wp","href":"https:\/\/api.w.org\/{rel}","templated":true}]}}