{"id":2890,"date":"2025-01-29T11:01:56","date_gmt":"2025-01-29T10:01:56","guid":{"rendered":"https:\/\/www.mc2020.net\/shop\/?post_type=product&#038;p=2890"},"modified":"2025-07-06T10:00:57","modified_gmt":"2025-07-06T09:00:57","slug":"disque-dur-portable-toshiba-canvio-basics","status":"publish","type":"product","link":"https:\/\/www.mc2020.net\/shop\/produit\/disque-dur-portable-toshiba-canvio-basics\/","title":{"rendered":"Disque dur portable Toshiba Canvio Basics"},"content":{"rendered":"<ul>\n<li>\n<h6>Le disque dur externe\u00a0<a href=\"https:\/\/www.iris.ma\/29_toshiba\">Toshiba<\/a>\u00a0Canvio Basics 2 To 2.5&Prime; offre une solution de stockage pratique et fiable. Avec sa capacit\u00e9 de 2 To, vous pouvez sauvegarder et transporter en toute s\u00e9curit\u00e9 tous vos fichiers importants. Son format compact et l\u00e9ger facilite son transport. Le disque dur utilise la technologie HDD pour assurer une performance stable et rapide. Profitez d&rsquo;un stockage suppl\u00e9mentaire pour vos photos, vid\u00e9os et documents, le tout dans un design \u00e9l\u00e9gant en noir. Id\u00e9al pour les professionnels et les utilisateurs r\u00e9guliers \u00e0 la recherche d&rsquo;un stockage externe simple et efficace.<\/h6>\n<\/li>\n<\/ul>\n","protected":false},"excerpt":{"rendered":"<p>Le disque dur externe\u00a0Toshiba\u00a0Canvio Basics 2 To 2.5&Prime; offre une solution de stockage pratique et fiable. Avec sa capacit\u00e9 de 2 To, vous pouvez sauvegarder et transporter en toute s\u00e9curit\u00e9 tous vos fichiers importants. Son format compact et l\u00e9ger facilite son transport. Le disque dur utilise la technologie HDD pour assurer une performance stable et [&hellip;]<\/p>\n","protected":false},"featured_media":2891,"comment_status":"open","ping_status":"closed","template":"","meta":{"_uag_custom_page_level_css":"","site-sidebar-layout":"default","site-content-layout":"","ast-site-content-layout":"default","site-content-style":"default","site-sidebar-style":"default","ast-global-header-display":"","ast-banner-title-visibility":"","ast-main-header-display":"","ast-hfb-above-header-display":"","ast-hfb-below-header-display":"","ast-hfb-mobile-header-display":"","site-post-title":"","ast-breadcrumbs-content":"","ast-featured-img":"","footer-sml-layout":"","ast-disable-related-posts":"","theme-transparent-header-meta":"default","adv-header-id-meta":"","stick-header-meta":"","header-above-stick-meta":"","header-main-stick-meta":"","header-below-stick-meta":"","astra-migrate-meta-layouts":"set","ast-page-background-enabled":"default","ast-page-background-meta":{"desktop":{"background-color":"var(--ast-global-color-4)","background-image":"","background-repeat":"repeat","background-position":"center center","background-size":"auto","background-attachment":"scroll","background-type":"","background-media":"","overlay-type":"","overlay-color":"","overlay-opacity":"","overlay-gradient":""},"tablet":{"background-color":"","background-image":"","background-repeat":"repeat","background-position":"center center","background-size":"auto","background-attachment":"scroll","background-type":"","background-media":"","overlay-type":"","overlay-color":"","overlay-opacity":"","overlay-gradient":""},"mobile":{"background-color":"","background-image":"","background-repeat":"repeat","background-position":"center center","background-size":"auto","background-attachment":"scroll","background-type":"","background-media":"","overlay-type":"","overlay-color":"","overlay-opacity":"","overlay-gradient":""}},"ast-content-background-meta":{"desktop":{"background-color":"var(--ast-global-color-5)","background-image":"","background-repeat":"repeat","background-position":"center center","background-size":"auto","background-attachment":"scroll","background-type":"","background-media":"","overlay-type":"","overlay-color":"","overlay-opacity":"","overlay-gradient":""},"tablet":{"background-color":"var(--ast-global-color-5)","background-image":"","background-repeat":"repeat","background-position":"center center","background-size":"auto","background-attachment":"scroll","background-type":"","background-media":"","overlay-type":"","overlay-color":"","overlay-opacity":"","overlay-gradient":""},"mobile":{"background-color":"var(--ast-global-color-5)","background-image":"","background-repeat":"repeat","background-position":"center center","background-size":"auto","background-attachment":"scroll","background-type":"","background-media":"","overlay-type":"","overlay-color":"","overlay-opacity":"","overlay-gradient":""}}},"product_brand":[],"product_cat":[26],"product_tag":[],"class_list":{"0":"post-2890","1":"product","2":"type-product","3":"status-publish","4":"has-post-thumbnail","6":"product_cat-accessoires","7":"desktop-align-left","8":"tablet-align-left","9":"mobile-align-left","11":"first","12":"instock","13":"taxable","14":"shipping-taxable","15":"purchasable","16":"product-type-simple"},"aioseo_notices":[],"uagb_featured_image_src":{"full":["https:\/\/www.mc2020.net\/shop\/wp-content\/uploads\/2025\/01\/Disque-dur-toshiba.webp",800,800,false],"thumbnail":["https:\/\/www.mc2020.net\/shop\/wp-content\/uploads\/2025\/01\/Disque-dur-toshiba-150x150.webp",150,150,true],"medium":["https:\/\/www.mc2020.net\/shop\/wp-content\/uploads\/2025\/01\/Disque-dur-toshiba-300x300.webp",300,300,true],"medium_large":["https:\/\/www.mc2020.net\/shop\/wp-content\/uploads\/2025\/01\/Disque-dur-toshiba-768x768.webp",768,768,true],"large":["https:\/\/www.mc2020.net\/shop\/wp-content\/uploads\/2025\/01\/Disque-dur-toshiba.webp",800,800,false],"1536x1536":["https:\/\/www.mc2020.net\/shop\/wp-content\/uploads\/2025\/01\/Disque-dur-toshiba.webp",800,800,false],"2048x2048":["https:\/\/www.mc2020.net\/shop\/wp-content\/uploads\/2025\/01\/Disque-dur-toshiba.webp",800,800,false],"woocommerce_thumbnail":["https:\/\/www.mc2020.net\/shop\/wp-content\/uploads\/2025\/01\/Disque-dur-toshiba-300x300.webp",300,300,true],"woocommerce_single":["https:\/\/www.mc2020.net\/shop\/wp-content\/uploads\/2025\/01\/Disque-dur-toshiba-600x600.webp",600,600,true],"woocommerce_gallery_thumbnail":["https:\/\/www.mc2020.net\/shop\/wp-content\/uploads\/2025\/01\/Disque-dur-toshiba-100x100.webp",100,100,true]},"uagb_author_info":{"display_name":"Adil OUBNALI","author_link":"https:\/\/www.mc2020.net\/shop\/author\/"},"uagb_comment_info":0,"uagb_excerpt":"Le disque dur externe\u00a0Toshiba\u00a0Canvio Basics 2 To 2.5&Prime; offre une solution de stockage pratique et fiable. Avec sa capacit\u00e9 de 2 To, vous pouvez sauvegarder et transporter en toute s\u00e9curit\u00e9 tous vos fichiers importants. Son format compact et l\u00e9ger facilite son transport. Le disque dur utilise la technologie HDD pour assurer une performance stable et\u2026","_links":{"self":[{"href":"https:\/\/www.mc2020.net\/shop\/wp-json\/wp\/v2\/product\/2890","targetHints":{"allow":["GET"]}}],"collection":[{"href":"https:\/\/www.mc2020.net\/shop\/wp-json\/wp\/v2\/product"}],"about":[{"href":"https:\/\/www.mc2020.net\/shop\/wp-json\/wp\/v2\/types\/product"}],"replies":[{"embeddable":true,"href":"https:\/\/www.mc2020.net\/shop\/wp-json\/wp\/v2\/comments?post=2890"}],"wp:featuredmedia":[{"embeddable":true,"href":"https:\/\/www.mc2020.net\/shop\/wp-json\/wp\/v2\/media\/2891"}],"wp:attachment":[{"href":"https:\/\/www.mc2020.net\/shop\/wp-json\/wp\/v2\/media?parent=2890"}],"wp:term":[{"taxonomy":"product_brand","embeddable":true,"href":"https:\/\/www.mc2020.net\/shop\/wp-json\/wp\/v2\/product_brand?post=2890"},{"taxonomy":"product_cat","embeddable":true,"href":"https:\/\/www.mc2020.net\/shop\/wp-json\/wp\/v2\/product_cat?post=2890"},{"taxonomy":"product_tag","embeddable":true,"href":"https:\/\/www.mc2020.net\/shop\/wp-json\/wp\/v2\/product_tag?post=2890"}],"curies":[{"name":"wp","href":"https:\/\/api.w.org\/{rel}","templated":true}]}}