{"id":2888,"date":"2025-01-29T10:53:08","date_gmt":"2025-01-29T09:53:08","guid":{"rendered":"https:\/\/www.mc2020.net\/shop\/?post_type=product&#038;p=2888"},"modified":"2025-04-26T11:26:58","modified_gmt":"2025-04-26T10:26:58","slug":"hdmi-splitter-4-port-4kx2k","status":"publish","type":"product","link":"https:\/\/www.mc2020.net\/shop\/produit\/hdmi-splitter-4-port-4kx2k\/","title":{"rendered":"HDMI Splitter 4 port 4kx2k"},"content":{"rendered":"<p>R\u00e9partiteur HDMI Maintient les r\u00e9solutions 480p, 576p, 720, 1080i, 1080p et 3840x2160il s&rsquo;applique aux appareils source et aux appareils d&rsquo;affichage haute d\u00e9finition tels que les DVD et les t\u00e9l\u00e9viseurs HD qui ont des ports HDMI ou des ports num\u00e9riques et sont conformes au protocole HDCPPrend en charge la haute r\u00e9solution jusqu&rsquo;\u00e0 1920*1200*, y compris 480i\/p, 576i\/p, 720i\/p, 1080i, 1080pProlonger la distance de transmission et am\u00e9liorer le signal de transmission<\/p>\n","protected":false},"excerpt":{"rendered":"<p>R\u00e9partiteur HDMI Maintient les r\u00e9solutions 480p, 576p, 720, 1080i, 1080p et 3840x2160il s&rsquo;applique aux appareils source et aux appareils d&rsquo;affichage haute d\u00e9finition tels que les DVD et les t\u00e9l\u00e9viseurs HD qui ont des ports HDMI ou des ports num\u00e9riques et sont conformes au protocole HDCPPrend en charge la haute r\u00e9solution jusqu&rsquo;\u00e0 1920*1200*, y compris 480i\/p, [&hellip;]<\/p>\n","protected":false},"featured_media":2889,"comment_status":"open","ping_status":"closed","template":"","meta":{"_uag_custom_page_level_css":"","site-sidebar-layout":"default","site-content-layout":"","ast-site-content-layout":"default","site-content-style":"default","site-sidebar-style":"default","ast-global-header-display":"","ast-banner-title-visibility":"","ast-main-header-display":"","ast-hfb-above-header-display":"","ast-hfb-below-header-display":"","ast-hfb-mobile-header-display":"","site-post-title":"","ast-breadcrumbs-content":"","ast-featured-img":"","footer-sml-layout":"","ast-disable-related-posts":"","theme-transparent-header-meta":"default","adv-header-id-meta":"","stick-header-meta":"","header-above-stick-meta":"","header-main-stick-meta":"","header-below-stick-meta":"","astra-migrate-meta-layouts":"set","ast-page-background-enabled":"default","ast-page-background-meta":{"desktop":{"background-color":"var(--ast-global-color-4)","background-image":"","background-repeat":"repeat","background-position":"center center","background-size":"auto","background-attachment":"scroll","background-type":"","background-media":"","overlay-type":"","overlay-color":"","overlay-opacity":"","overlay-gradient":""},"tablet":{"background-color":"","background-image":"","background-repeat":"repeat","background-position":"center center","background-size":"auto","background-attachment":"scroll","background-type":"","background-media":"","overlay-type":"","overlay-color":"","overlay-opacity":"","overlay-gradient":""},"mobile":{"background-color":"","background-image":"","background-repeat":"repeat","background-position":"center center","background-size":"auto","background-attachment":"scroll","background-type":"","background-media":"","overlay-type":"","overlay-color":"","overlay-opacity":"","overlay-gradient":""}},"ast-content-background-meta":{"desktop":{"background-color":"var(--ast-global-color-5)","background-image":"","background-repeat":"repeat","background-position":"center center","background-size":"auto","background-attachment":"scroll","background-type":"","background-media":"","overlay-type":"","overlay-color":"","overlay-opacity":"","overlay-gradient":""},"tablet":{"background-color":"var(--ast-global-color-5)","background-image":"","background-repeat":"repeat","background-position":"center center","background-size":"auto","background-attachment":"scroll","background-type":"","background-media":"","overlay-type":"","overlay-color":"","overlay-opacity":"","overlay-gradient":""},"mobile":{"background-color":"var(--ast-global-color-5)","background-image":"","background-repeat":"repeat","background-position":"center center","background-size":"auto","background-attachment":"scroll","background-type":"","background-media":"","overlay-type":"","overlay-color":"","overlay-opacity":"","overlay-gradient":""}}},"product_brand":[],"product_cat":[26],"product_tag":[],"class_list":{"0":"post-2888","1":"product","2":"type-product","3":"status-publish","4":"has-post-thumbnail","6":"product_cat-accessoires","7":"desktop-align-left","8":"tablet-align-left","9":"mobile-align-left","11":"first","12":"instock","13":"taxable","14":"shipping-taxable","15":"product-type-simple"},"aioseo_notices":[],"uagb_featured_image_src":{"full":["https:\/\/www.mc2020.net\/shop\/wp-content\/uploads\/2025\/01\/splitter-hdmi-1x4-.png",800,800,false],"thumbnail":["https:\/\/www.mc2020.net\/shop\/wp-content\/uploads\/2025\/01\/splitter-hdmi-1x4--150x150.png",150,150,true],"medium":["https:\/\/www.mc2020.net\/shop\/wp-content\/uploads\/2025\/01\/splitter-hdmi-1x4--300x300.png",300,300,true],"medium_large":["https:\/\/www.mc2020.net\/shop\/wp-content\/uploads\/2025\/01\/splitter-hdmi-1x4--768x768.png",768,768,true],"large":["https:\/\/www.mc2020.net\/shop\/wp-content\/uploads\/2025\/01\/splitter-hdmi-1x4-.png",800,800,false],"1536x1536":["https:\/\/www.mc2020.net\/shop\/wp-content\/uploads\/2025\/01\/splitter-hdmi-1x4-.png",800,800,false],"2048x2048":["https:\/\/www.mc2020.net\/shop\/wp-content\/uploads\/2025\/01\/splitter-hdmi-1x4-.png",800,800,false],"woocommerce_thumbnail":["https:\/\/www.mc2020.net\/shop\/wp-content\/uploads\/2025\/01\/splitter-hdmi-1x4--300x300.png",300,300,true],"woocommerce_single":["https:\/\/www.mc2020.net\/shop\/wp-content\/uploads\/2025\/01\/splitter-hdmi-1x4--600x600.png",600,600,true],"woocommerce_gallery_thumbnail":["https:\/\/www.mc2020.net\/shop\/wp-content\/uploads\/2025\/01\/splitter-hdmi-1x4--100x100.png",100,100,true]},"uagb_author_info":{"display_name":"Adil OUBNALI","author_link":"https:\/\/www.mc2020.net\/shop\/author\/"},"uagb_comment_info":0,"uagb_excerpt":"R\u00e9partiteur HDMI Maintient les r\u00e9solutions 480p, 576p, 720, 1080i, 1080p et 3840x2160il s&rsquo;applique aux appareils source et aux appareils d&rsquo;affichage haute d\u00e9finition tels que les DVD et les t\u00e9l\u00e9viseurs HD qui ont des ports HDMI ou des ports num\u00e9riques et sont conformes au protocole HDCPPrend en charge la haute r\u00e9solution jusqu&rsquo;\u00e0 1920*1200*, y compris 480i\/p,\u2026","_links":{"self":[{"href":"https:\/\/www.mc2020.net\/shop\/wp-json\/wp\/v2\/product\/2888","targetHints":{"allow":["GET"]}}],"collection":[{"href":"https:\/\/www.mc2020.net\/shop\/wp-json\/wp\/v2\/product"}],"about":[{"href":"https:\/\/www.mc2020.net\/shop\/wp-json\/wp\/v2\/types\/product"}],"replies":[{"embeddable":true,"href":"https:\/\/www.mc2020.net\/shop\/wp-json\/wp\/v2\/comments?post=2888"}],"wp:featuredmedia":[{"embeddable":true,"href":"https:\/\/www.mc2020.net\/shop\/wp-json\/wp\/v2\/media\/2889"}],"wp:attachment":[{"href":"https:\/\/www.mc2020.net\/shop\/wp-json\/wp\/v2\/media?parent=2888"}],"wp:term":[{"taxonomy":"product_brand","embeddable":true,"href":"https:\/\/www.mc2020.net\/shop\/wp-json\/wp\/v2\/product_brand?post=2888"},{"taxonomy":"product_cat","embeddable":true,"href":"https:\/\/www.mc2020.net\/shop\/wp-json\/wp\/v2\/product_cat?post=2888"},{"taxonomy":"product_tag","embeddable":true,"href":"https:\/\/www.mc2020.net\/shop\/wp-json\/wp\/v2\/product_tag?post=2888"}],"curies":[{"name":"wp","href":"https:\/\/api.w.org\/{rel}","templated":true}]}}