{"id":2886,"date":"2025-01-29T10:35:26","date_gmt":"2025-01-29T09:35:26","guid":{"rendered":"https:\/\/www.mc2020.net\/shop\/?post_type=product&#038;p=2886"},"modified":"2025-07-06T10:01:17","modified_gmt":"2025-07-06T09:01:17","slug":"ezviz-smart-micro-sd-card-for-video-surveillance-32-gb","status":"publish","type":"product","link":"https:\/\/www.mc2020.net\/shop\/produit\/ezviz-smart-micro-sd-card-for-video-surveillance-32-gb\/","title":{"rendered":"EZVIZ-smart micro SD card for video surveillance 32 Go \/ 64 Go \/ 128 Go"},"content":{"rendered":"<p>Stockage local fiable optimis\u00e9 pour votre syst\u00e8me de s\u00e9curit\u00e9 EZVIZ<\/p>\n<div class=\"row flex flex--12 css-47r3vg\">\n<div class=\"composite flex__item--md-12 flex__item--xs-12 css-8x0d4x\">\n<div class=\"inner-composite flex flex--12\">\n<div class=\"widget-column flex__item--md-12 flex__item--xs-12\">\n<div class=\"widget-row flex flex--12\">\n<div class=\"flex__item--md-12 flex__item--xs-12\">\n<div class=\"widget\" data-widget-id=\"3438fb49-042d-a60d-0b4f-bc1ba9b41083\">\n<div class=\"lp-text-react lp-headline-react\" data-widget-type=\"LpTextReact\">\n<p class=\"text-align-left font-scale-9 line-height-scale-6 gutter-bottom-6\"><strong>Options de capacit\u00e9<\/strong>\u00b9:32 Go \/ 64 Go \/ 128 Go<\/p>\n<\/div>\n<\/div>\n<\/div>\n<\/div>\n<\/div>\n<\/div>\n<\/div>\n<\/div>\n<div class=\"row flex flex--12 css-47r3vg\">\n<div class=\"composite flex__item--md-12 flex__item--xs-12 css-8x0d4x\">\n<div class=\"inner-composite flex flex--12\">\n<div class=\"widget-column flex__item--md-12 flex__item--xs-12\">\n<div class=\"widget-row flex flex--12\">\n<div class=\"flex__item--md-12 flex__item--xs-12\">\n<div class=\"widget\" data-widget-id=\"a079065f-77f5-3a3c-12ec-f9e7c88cf6d6\">\n<div class=\"lp-text-react lp-headline-react\" data-widget-type=\"LpTextReact\">\n<p class=\"text-align-left font-scale-9 line-height-scale-6 gutter-bottom-6\"><strong>Fonctionne avec\u00a0:<\/strong><\/p>\n<ul class=\"lp-list text-align-left font-scale-6 line-height-scale-6 gutter-bottom-6 lp-list--bullet\" data-guid=\"48f333c3-f66b-552a-a172-ec9ab2915e67\">\n<li>EZVIZ Smart Home Cameras, Video Doorbells, Peephole Doorbells, Video Doorphones con\u00e7us avec des fentes pour cartes de stockage\u00b2<\/li>\n<li>Autres appareils compatibles microSDXC et microSDHC<\/li>\n<\/ul>\n<\/div>\n<\/div>\n<\/div>\n<\/div>\n<\/div>\n<\/div>\n<\/div>\n<\/div>\n","protected":false},"excerpt":{"rendered":"<p>Stockage local fiable optimis\u00e9 pour votre syst\u00e8me de s\u00e9curit\u00e9 EZVIZ Options de capacit\u00e9\u00b9:32 Go \/ 64 Go \/ 128 Go Fonctionne avec\u00a0: EZVIZ Smart Home Cameras, Video Doorbells, Peephole Doorbells, Video Doorphones con\u00e7us avec des fentes pour cartes de stockage\u00b2 Autres appareils compatibles microSDXC et microSDHC<\/p>\n","protected":false},"featured_media":2887,"comment_status":"open","ping_status":"closed","template":"","meta":{"_uag_custom_page_level_css":"","site-sidebar-layout":"default","site-content-layout":"","ast-site-content-layout":"default","site-content-style":"default","site-sidebar-style":"default","ast-global-header-display":"","ast-banner-title-visibility":"","ast-main-header-display":"","ast-hfb-above-header-display":"","ast-hfb-below-header-display":"","ast-hfb-mobile-header-display":"","site-post-title":"","ast-breadcrumbs-content":"","ast-featured-img":"","footer-sml-layout":"","ast-disable-related-posts":"","theme-transparent-header-meta":"default","adv-header-id-meta":"","stick-header-meta":"","header-above-stick-meta":"","header-main-stick-meta":"","header-below-stick-meta":"","astra-migrate-meta-layouts":"set","ast-page-background-enabled":"default","ast-page-background-meta":{"desktop":{"background-color":"var(--ast-global-color-4)","background-image":"","background-repeat":"repeat","background-position":"center center","background-size":"auto","background-attachment":"scroll","background-type":"","background-media":"","overlay-type":"","overlay-color":"","overlay-opacity":"","overlay-gradient":""},"tablet":{"background-color":"","background-image":"","background-repeat":"repeat","background-position":"center center","background-size":"auto","background-attachment":"scroll","background-type":"","background-media":"","overlay-type":"","overlay-color":"","overlay-opacity":"","overlay-gradient":""},"mobile":{"background-color":"","background-image":"","background-repeat":"repeat","background-position":"center center","background-size":"auto","background-attachment":"scroll","background-type":"","background-media":"","overlay-type":"","overlay-color":"","overlay-opacity":"","overlay-gradient":""}},"ast-content-background-meta":{"desktop":{"background-color":"var(--ast-global-color-5)","background-image":"","background-repeat":"repeat","background-position":"center center","background-size":"auto","background-attachment":"scroll","background-type":"","background-media":"","overlay-type":"","overlay-color":"","overlay-opacity":"","overlay-gradient":""},"tablet":{"background-color":"var(--ast-global-color-5)","background-image":"","background-repeat":"repeat","background-position":"center center","background-size":"auto","background-attachment":"scroll","background-type":"","background-media":"","overlay-type":"","overlay-color":"","overlay-opacity":"","overlay-gradient":""},"mobile":{"background-color":"var(--ast-global-color-5)","background-image":"","background-repeat":"repeat","background-position":"center center","background-size":"auto","background-attachment":"scroll","background-type":"","background-media":"","overlay-type":"","overlay-color":"","overlay-opacity":"","overlay-gradient":""}}},"product_brand":[],"product_cat":[26],"product_tag":[],"class_list":{"0":"post-2886","1":"product","2":"type-product","3":"status-publish","4":"has-post-thumbnail","6":"product_cat-accessoires","7":"desktop-align-left","8":"tablet-align-left","9":"mobile-align-left","11":"first","12":"instock","13":"taxable","14":"shipping-taxable","15":"product-type-simple"},"aioseo_notices":[],"uagb_featured_image_src":{"full":["https:\/\/www.mc2020.net\/shop\/wp-content\/uploads\/2025\/01\/EZVIZ-carte-SD.png",358,421,false],"thumbnail":["https:\/\/www.mc2020.net\/shop\/wp-content\/uploads\/2025\/01\/EZVIZ-carte-SD-150x150.png",150,150,true],"medium":["https:\/\/www.mc2020.net\/shop\/wp-content\/uploads\/2025\/01\/EZVIZ-carte-SD-255x300.png",255,300,true],"medium_large":["https:\/\/www.mc2020.net\/shop\/wp-content\/uploads\/2025\/01\/EZVIZ-carte-SD.png",358,421,false],"large":["https:\/\/www.mc2020.net\/shop\/wp-content\/uploads\/2025\/01\/EZVIZ-carte-SD.png",358,421,false],"1536x1536":["https:\/\/www.mc2020.net\/shop\/wp-content\/uploads\/2025\/01\/EZVIZ-carte-SD.png",358,421,false],"2048x2048":["https:\/\/www.mc2020.net\/shop\/wp-content\/uploads\/2025\/01\/EZVIZ-carte-SD.png",358,421,false],"woocommerce_thumbnail":["https:\/\/www.mc2020.net\/shop\/wp-content\/uploads\/2025\/01\/EZVIZ-carte-SD-300x300.png",300,300,true],"woocommerce_single":["https:\/\/www.mc2020.net\/shop\/wp-content\/uploads\/2025\/01\/EZVIZ-carte-SD.png",358,421,false],"woocommerce_gallery_thumbnail":["https:\/\/www.mc2020.net\/shop\/wp-content\/uploads\/2025\/01\/EZVIZ-carte-SD-100x100.png",100,100,true]},"uagb_author_info":{"display_name":"kawtar Marjoub","author_link":"https:\/\/www.mc2020.net\/shop\/author\/"},"uagb_comment_info":0,"uagb_excerpt":"Stockage local fiable optimis\u00e9 pour votre syst\u00e8me de s\u00e9curit\u00e9 EZVIZ Options de capacit\u00e9\u00b9:32 Go \/ 64 Go \/ 128 Go Fonctionne avec\u00a0: EZVIZ Smart Home Cameras, Video Doorbells, Peephole Doorbells, Video Doorphones con\u00e7us avec des fentes pour cartes de stockage\u00b2 Autres appareils compatibles microSDXC et microSDHC","_links":{"self":[{"href":"https:\/\/www.mc2020.net\/shop\/wp-json\/wp\/v2\/product\/2886","targetHints":{"allow":["GET"]}}],"collection":[{"href":"https:\/\/www.mc2020.net\/shop\/wp-json\/wp\/v2\/product"}],"about":[{"href":"https:\/\/www.mc2020.net\/shop\/wp-json\/wp\/v2\/types\/product"}],"replies":[{"embeddable":true,"href":"https:\/\/www.mc2020.net\/shop\/wp-json\/wp\/v2\/comments?post=2886"}],"wp:featuredmedia":[{"embeddable":true,"href":"https:\/\/www.mc2020.net\/shop\/wp-json\/wp\/v2\/media\/2887"}],"wp:attachment":[{"href":"https:\/\/www.mc2020.net\/shop\/wp-json\/wp\/v2\/media?parent=2886"}],"wp:term":[{"taxonomy":"product_brand","embeddable":true,"href":"https:\/\/www.mc2020.net\/shop\/wp-json\/wp\/v2\/product_brand?post=2886"},{"taxonomy":"product_cat","embeddable":true,"href":"https:\/\/www.mc2020.net\/shop\/wp-json\/wp\/v2\/product_cat?post=2886"},{"taxonomy":"product_tag","embeddable":true,"href":"https:\/\/www.mc2020.net\/shop\/wp-json\/wp\/v2\/product_tag?post=2886"}],"curies":[{"name":"wp","href":"https:\/\/api.w.org\/{rel}","templated":true}]}}