{"id":2880,"date":"2025-01-29T09:48:36","date_gmt":"2025-01-29T08:48:36","guid":{"rendered":"https:\/\/www.mc2020.net\/shop\/?post_type=product&#038;p=2880"},"modified":"2025-04-26T11:27:29","modified_gmt":"2025-04-26T10:27:29","slug":"clavier-tj-818-black-antelope-usb-keyboard-x-leader","status":"publish","type":"product","link":"https:\/\/www.mc2020.net\/shop\/produit\/clavier-tj-818-black-antelope-usb-keyboard-x-leader\/","title":{"rendered":"Clavier TJ-818 black antelope USB Keyboard X Leader"},"content":{"rendered":"<p>Le\u00a0<strong>clavier\u00a0 X-Leader TJ-818<\/strong>\u00a0en disposition\u00a0<strong>Azerty<\/strong>\u00a0offre des touches bilingues\u00a0<strong>Arabe \u2013 Fran\u00e7ais<\/strong>\u00a0et un pav\u00e9 num\u00e9rique \u00e0 droite pour une saisie confortable. Connect\u00e9 via\u00a0<strong>USB<\/strong>, il est fabriqu\u00e9 en plastique robuste, id\u00e9al pour une utilisation bureautique quotidienne.<\/p>\n","protected":false},"excerpt":{"rendered":"<p>Le\u00a0clavier\u00a0 X-Leader TJ-818\u00a0en disposition\u00a0Azerty\u00a0offre des touches bilingues\u00a0Arabe \u2013 Fran\u00e7ais\u00a0et un pav\u00e9 num\u00e9rique \u00e0 droite pour une saisie confortable. Connect\u00e9 via\u00a0USB, il est fabriqu\u00e9 en plastique robuste, id\u00e9al pour une utilisation bureautique quotidienne.<\/p>\n","protected":false},"featured_media":2870,"comment_status":"open","ping_status":"closed","template":"","meta":{"_uag_custom_page_level_css":"","site-sidebar-layout":"default","site-content-layout":"","ast-site-content-layout":"default","site-content-style":"default","site-sidebar-style":"default","ast-global-header-display":"","ast-banner-title-visibility":"","ast-main-header-display":"","ast-hfb-above-header-display":"","ast-hfb-below-header-display":"","ast-hfb-mobile-header-display":"","site-post-title":"","ast-breadcrumbs-content":"","ast-featured-img":"","footer-sml-layout":"","ast-disable-related-posts":"","theme-transparent-header-meta":"default","adv-header-id-meta":"","stick-header-meta":"","header-above-stick-meta":"","header-main-stick-meta":"","header-below-stick-meta":"","astra-migrate-meta-layouts":"set","ast-page-background-enabled":"default","ast-page-background-meta":{"desktop":{"background-color":"var(--ast-global-color-4)","background-image":"","background-repeat":"repeat","background-position":"center center","background-size":"auto","background-attachment":"scroll","background-type":"","background-media":"","overlay-type":"","overlay-color":"","overlay-opacity":"","overlay-gradient":""},"tablet":{"background-color":"","background-image":"","background-repeat":"repeat","background-position":"center center","background-size":"auto","background-attachment":"scroll","background-type":"","background-media":"","overlay-type":"","overlay-color":"","overlay-opacity":"","overlay-gradient":""},"mobile":{"background-color":"","background-image":"","background-repeat":"repeat","background-position":"center center","background-size":"auto","background-attachment":"scroll","background-type":"","background-media":"","overlay-type":"","overlay-color":"","overlay-opacity":"","overlay-gradient":""}},"ast-content-background-meta":{"desktop":{"background-color":"var(--ast-global-color-5)","background-image":"","background-repeat":"repeat","background-position":"center center","background-size":"auto","background-attachment":"scroll","background-type":"","background-media":"","overlay-type":"","overlay-color":"","overlay-opacity":"","overlay-gradient":""},"tablet":{"background-color":"var(--ast-global-color-5)","background-image":"","background-repeat":"repeat","background-position":"center center","background-size":"auto","background-attachment":"scroll","background-type":"","background-media":"","overlay-type":"","overlay-color":"","overlay-opacity":"","overlay-gradient":""},"mobile":{"background-color":"var(--ast-global-color-5)","background-image":"","background-repeat":"repeat","background-position":"center center","background-size":"auto","background-attachment":"scroll","background-type":"","background-media":"","overlay-type":"","overlay-color":"","overlay-opacity":"","overlay-gradient":""}}},"product_brand":[],"product_cat":[26],"product_tag":[],"class_list":{"0":"post-2880","1":"product","2":"type-product","3":"status-publish","4":"has-post-thumbnail","6":"product_cat-accessoires","7":"desktop-align-left","8":"tablet-align-left","9":"mobile-align-left","11":"first","12":"instock","13":"taxable","14":"shipping-taxable","15":"purchasable","16":"product-type-simple"},"aioseo_notices":[],"uagb_featured_image_src":{"full":["https:\/\/www.mc2020.net\/shop\/wp-content\/uploads\/2025\/01\/clavier-X-leader.jpeg",680,599,false],"thumbnail":["https:\/\/www.mc2020.net\/shop\/wp-content\/uploads\/2025\/01\/clavier-X-leader-150x150.jpeg",150,150,true],"medium":["https:\/\/www.mc2020.net\/shop\/wp-content\/uploads\/2025\/01\/clavier-X-leader-300x264.jpeg",300,264,true],"medium_large":["https:\/\/www.mc2020.net\/shop\/wp-content\/uploads\/2025\/01\/clavier-X-leader.jpeg",680,599,false],"large":["https:\/\/www.mc2020.net\/shop\/wp-content\/uploads\/2025\/01\/clavier-X-leader.jpeg",680,599,false],"1536x1536":["https:\/\/www.mc2020.net\/shop\/wp-content\/uploads\/2025\/01\/clavier-X-leader.jpeg",680,599,false],"2048x2048":["https:\/\/www.mc2020.net\/shop\/wp-content\/uploads\/2025\/01\/clavier-X-leader.jpeg",680,599,false],"woocommerce_thumbnail":["https:\/\/www.mc2020.net\/shop\/wp-content\/uploads\/2025\/01\/clavier-X-leader-300x300.jpeg",300,300,true],"woocommerce_single":["https:\/\/www.mc2020.net\/shop\/wp-content\/uploads\/2025\/01\/clavier-X-leader-600x529.jpeg",600,529,true],"woocommerce_gallery_thumbnail":["https:\/\/www.mc2020.net\/shop\/wp-content\/uploads\/2025\/01\/clavier-X-leader-100x100.jpeg",100,100,true]},"uagb_author_info":{"display_name":"kawtar Marjoub","author_link":"https:\/\/www.mc2020.net\/shop\/author\/"},"uagb_comment_info":0,"uagb_excerpt":"Le\u00a0clavier\u00a0 X-Leader TJ-818\u00a0en disposition\u00a0Azerty\u00a0offre des touches bilingues\u00a0Arabe \u2013 Fran\u00e7ais\u00a0et un pav\u00e9 num\u00e9rique \u00e0 droite pour une saisie confortable. Connect\u00e9 via\u00a0USB, il est fabriqu\u00e9 en plastique robuste, id\u00e9al pour une utilisation bureautique quotidienne.","_links":{"self":[{"href":"https:\/\/www.mc2020.net\/shop\/wp-json\/wp\/v2\/product\/2880","targetHints":{"allow":["GET"]}}],"collection":[{"href":"https:\/\/www.mc2020.net\/shop\/wp-json\/wp\/v2\/product"}],"about":[{"href":"https:\/\/www.mc2020.net\/shop\/wp-json\/wp\/v2\/types\/product"}],"replies":[{"embeddable":true,"href":"https:\/\/www.mc2020.net\/shop\/wp-json\/wp\/v2\/comments?post=2880"}],"wp:featuredmedia":[{"embeddable":true,"href":"https:\/\/www.mc2020.net\/shop\/wp-json\/wp\/v2\/media\/2870"}],"wp:attachment":[{"href":"https:\/\/www.mc2020.net\/shop\/wp-json\/wp\/v2\/media?parent=2880"}],"wp:term":[{"taxonomy":"product_brand","embeddable":true,"href":"https:\/\/www.mc2020.net\/shop\/wp-json\/wp\/v2\/product_brand?post=2880"},{"taxonomy":"product_cat","embeddable":true,"href":"https:\/\/www.mc2020.net\/shop\/wp-json\/wp\/v2\/product_cat?post=2880"},{"taxonomy":"product_tag","embeddable":true,"href":"https:\/\/www.mc2020.net\/shop\/wp-json\/wp\/v2\/product_tag?post=2880"}],"curies":[{"name":"wp","href":"https:\/\/api.w.org\/{rel}","templated":true}]}}