{"id":2849,"date":"2025-01-28T15:20:02","date_gmt":"2025-01-28T14:20:02","guid":{"rendered":"https:\/\/www.mc2020.net\/shop\/?post_type=product&#038;p=2849"},"modified":"2025-04-26T11:33:01","modified_gmt":"2025-04-26T10:33:01","slug":"cle-usb","status":"publish","type":"product","link":"https:\/\/www.mc2020.net\/shop\/produit\/cle-usb\/","title":{"rendered":"Cle USB Sandisk Ultra Flair\u00a0 3.0\/16G"},"content":{"rendered":"<p>Faites l\u2019exp\u00e9rience de rapidit\u00e9 et de style avec la Cl\u00e9 USB 3.0 SanDisk Ultra Flair 16 Go. Transf\u00e9rez vos fichiers \u00e0 une vitesse fulgurante jusqu\u2019\u00e0 150 Mo\/s, surpassant les cl\u00e9s USB 2.0 standard. Sa construction m\u00e9tallique robuste allie \u00e9l\u00e9gance et r\u00e9sistance. La protection par mot de passe garantit la confidentialit\u00e9 de vos fichiers priv\u00e9s. Compatible USB 3.0 et r\u00e9tro compatible USB 2.0.<\/p>\n","protected":false},"excerpt":{"rendered":"<p>Faites l\u2019exp\u00e9rience de rapidit\u00e9 et de style avec la Cl\u00e9 USB 3.0 SanDisk Ultra Flair 16 Go. Transf\u00e9rez vos fichiers \u00e0 une vitesse fulgurante jusqu\u2019\u00e0 150 Mo\/s, surpassant les cl\u00e9s USB 2.0 standard. Sa construction m\u00e9tallique robuste allie \u00e9l\u00e9gance et r\u00e9sistance. La protection par mot de passe garantit la confidentialit\u00e9 de vos fichiers priv\u00e9s. Compatible [&hellip;]<\/p>\n","protected":false},"featured_media":2863,"comment_status":"open","ping_status":"closed","template":"","meta":{"_uag_custom_page_level_css":"","site-sidebar-layout":"default","site-content-layout":"","ast-site-content-layout":"default","site-content-style":"default","site-sidebar-style":"default","ast-global-header-display":"","ast-banner-title-visibility":"","ast-main-header-display":"","ast-hfb-above-header-display":"","ast-hfb-below-header-display":"","ast-hfb-mobile-header-display":"","site-post-title":"","ast-breadcrumbs-content":"","ast-featured-img":"","footer-sml-layout":"","ast-disable-related-posts":"","theme-transparent-header-meta":"default","adv-header-id-meta":"","stick-header-meta":"","header-above-stick-meta":"","header-main-stick-meta":"","header-below-stick-meta":"","astra-migrate-meta-layouts":"set","ast-page-background-enabled":"default","ast-page-background-meta":{"desktop":{"background-color":"var(--ast-global-color-4)","background-image":"","background-repeat":"repeat","background-position":"center center","background-size":"auto","background-attachment":"scroll","background-type":"","background-media":"","overlay-type":"","overlay-color":"","overlay-opacity":"","overlay-gradient":""},"tablet":{"background-color":"","background-image":"","background-repeat":"repeat","background-position":"center center","background-size":"auto","background-attachment":"scroll","background-type":"","background-media":"","overlay-type":"","overlay-color":"","overlay-opacity":"","overlay-gradient":""},"mobile":{"background-color":"","background-image":"","background-repeat":"repeat","background-position":"center center","background-size":"auto","background-attachment":"scroll","background-type":"","background-media":"","overlay-type":"","overlay-color":"","overlay-opacity":"","overlay-gradient":""}},"ast-content-background-meta":{"desktop":{"background-color":"var(--ast-global-color-5)","background-image":"","background-repeat":"repeat","background-position":"center center","background-size":"auto","background-attachment":"scroll","background-type":"","background-media":"","overlay-type":"","overlay-color":"","overlay-opacity":"","overlay-gradient":""},"tablet":{"background-color":"var(--ast-global-color-5)","background-image":"","background-repeat":"repeat","background-position":"center center","background-size":"auto","background-attachment":"scroll","background-type":"","background-media":"","overlay-type":"","overlay-color":"","overlay-opacity":"","overlay-gradient":""},"mobile":{"background-color":"var(--ast-global-color-5)","background-image":"","background-repeat":"repeat","background-position":"center center","background-size":"auto","background-attachment":"scroll","background-type":"","background-media":"","overlay-type":"","overlay-color":"","overlay-opacity":"","overlay-gradient":""}}},"product_brand":[],"product_cat":[26],"product_tag":[],"class_list":{"0":"post-2849","1":"product","2":"type-product","3":"status-publish","4":"has-post-thumbnail","6":"product_cat-accessoires","7":"desktop-align-left","8":"tablet-align-left","9":"mobile-align-left","11":"first","12":"instock","13":"taxable","14":"shipping-taxable","15":"purchasable","16":"product-type-simple"},"aioseo_notices":[],"uagb_featured_image_src":{"full":["https:\/\/www.mc2020.net\/shop\/wp-content\/uploads\/2025\/01\/Cke-USB-SanDisk.webp",500,500,false],"thumbnail":["https:\/\/www.mc2020.net\/shop\/wp-content\/uploads\/2025\/01\/Cke-USB-SanDisk-150x150.webp",150,150,true],"medium":["https:\/\/www.mc2020.net\/shop\/wp-content\/uploads\/2025\/01\/Cke-USB-SanDisk-300x300.webp",300,300,true],"medium_large":["https:\/\/www.mc2020.net\/shop\/wp-content\/uploads\/2025\/01\/Cke-USB-SanDisk.webp",500,500,false],"large":["https:\/\/www.mc2020.net\/shop\/wp-content\/uploads\/2025\/01\/Cke-USB-SanDisk.webp",500,500,false],"1536x1536":["https:\/\/www.mc2020.net\/shop\/wp-content\/uploads\/2025\/01\/Cke-USB-SanDisk.webp",500,500,false],"2048x2048":["https:\/\/www.mc2020.net\/shop\/wp-content\/uploads\/2025\/01\/Cke-USB-SanDisk.webp",500,500,false],"woocommerce_thumbnail":["https:\/\/www.mc2020.net\/shop\/wp-content\/uploads\/2025\/01\/Cke-USB-SanDisk-300x300.webp",300,300,true],"woocommerce_single":["https:\/\/www.mc2020.net\/shop\/wp-content\/uploads\/2025\/01\/Cke-USB-SanDisk.webp",500,500,false],"woocommerce_gallery_thumbnail":["https:\/\/www.mc2020.net\/shop\/wp-content\/uploads\/2025\/01\/Cke-USB-SanDisk-100x100.webp",100,100,true]},"uagb_author_info":{"display_name":"Adil OUBNALI","author_link":"https:\/\/www.mc2020.net\/shop\/author\/"},"uagb_comment_info":0,"uagb_excerpt":"Faites l\u2019exp\u00e9rience de rapidit\u00e9 et de style avec la Cl\u00e9 USB 3.0 SanDisk Ultra Flair 16 Go. Transf\u00e9rez vos fichiers \u00e0 une vitesse fulgurante jusqu\u2019\u00e0 150 Mo\/s, surpassant les cl\u00e9s USB 2.0 standard. Sa construction m\u00e9tallique robuste allie \u00e9l\u00e9gance et r\u00e9sistance. La protection par mot de passe garantit la confidentialit\u00e9 de vos fichiers priv\u00e9s. Compatible\u2026","_links":{"self":[{"href":"https:\/\/www.mc2020.net\/shop\/wp-json\/wp\/v2\/product\/2849","targetHints":{"allow":["GET"]}}],"collection":[{"href":"https:\/\/www.mc2020.net\/shop\/wp-json\/wp\/v2\/product"}],"about":[{"href":"https:\/\/www.mc2020.net\/shop\/wp-json\/wp\/v2\/types\/product"}],"replies":[{"embeddable":true,"href":"https:\/\/www.mc2020.net\/shop\/wp-json\/wp\/v2\/comments?post=2849"}],"wp:featuredmedia":[{"embeddable":true,"href":"https:\/\/www.mc2020.net\/shop\/wp-json\/wp\/v2\/media\/2863"}],"wp:attachment":[{"href":"https:\/\/www.mc2020.net\/shop\/wp-json\/wp\/v2\/media?parent=2849"}],"wp:term":[{"taxonomy":"product_brand","embeddable":true,"href":"https:\/\/www.mc2020.net\/shop\/wp-json\/wp\/v2\/product_brand?post=2849"},{"taxonomy":"product_cat","embeddable":true,"href":"https:\/\/www.mc2020.net\/shop\/wp-json\/wp\/v2\/product_cat?post=2849"},{"taxonomy":"product_tag","embeddable":true,"href":"https:\/\/www.mc2020.net\/shop\/wp-json\/wp\/v2\/product_tag?post=2849"}],"curies":[{"name":"wp","href":"https:\/\/api.w.org\/{rel}","templated":true}]}}